{"id":11188,"date":"2024-04-30T19:59:27","date_gmt":"2024-04-30T17:59:27","guid":{"rendered":"https:\/\/artavista.be\/la-galerie\/"},"modified":"2026-01-22T10:38:45","modified_gmt":"2026-01-22T09:38:45","slug":"la-galerie","status":"publish","type":"page","link":"https:\/\/artavista.be\/fr\/la-galerie\/","title":{"rendered":"La galerie"},"content":{"rendered":"\t\t<div data-elementor-type=\"wp-page\" data-elementor-id=\"11188\" class=\"elementor elementor-11188 elementor-4950\" data-elementor-post-type=\"page\">\n\t\t\t\t\t\t<section class=\"elementor-section elementor-top-section elementor-element elementor-element-4865ba0b elementor-section-boxed elementor-section-height-default elementor-section-height-default\" data-id=\"4865ba0b\" data-element_type=\"section\" data-e-type=\"section\" data-settings=\"{&quot;jet_parallax_layout_list&quot;:[{&quot;jet_parallax_layout_image&quot;:{&quot;url&quot;:&quot;&quot;,&quot;id&quot;:&quot;&quot;,&quot;size&quot;:&quot;&quot;},&quot;_id&quot;:&quot;5b6044a&quot;,&quot;jet_parallax_layout_image_tablet&quot;:{&quot;url&quot;:&quot;&quot;,&quot;id&quot;:&quot;&quot;,&quot;size&quot;:&quot;&quot;},&quot;jet_parallax_layout_image_mobile&quot;:{&quot;url&quot;:&quot;&quot;,&quot;id&quot;:&quot;&quot;,&quot;size&quot;:&quot;&quot;},&quot;jet_parallax_layout_speed&quot;:{&quot;unit&quot;:&quot;%&quot;,&quot;size&quot;:50,&quot;sizes&quot;:[]},&quot;jet_parallax_layout_type&quot;:&quot;scroll&quot;,&quot;jet_parallax_layout_direction&quot;:&quot;1&quot;,&quot;jet_parallax_layout_fx_direction&quot;:null,&quot;jet_parallax_layout_z_index&quot;:&quot;&quot;,&quot;jet_parallax_layout_bg_x&quot;:50,&quot;jet_parallax_layout_bg_x_tablet&quot;:&quot;&quot;,&quot;jet_parallax_layout_bg_x_mobile&quot;:&quot;&quot;,&quot;jet_parallax_layout_bg_y&quot;:50,&quot;jet_parallax_layout_bg_y_tablet&quot;:&quot;&quot;,&quot;jet_parallax_layout_bg_y_mobile&quot;:&quot;&quot;,&quot;jet_parallax_layout_bg_size&quot;:&quot;auto&quot;,&quot;jet_parallax_layout_bg_size_tablet&quot;:&quot;&quot;,&quot;jet_parallax_layout_bg_size_mobile&quot;:&quot;&quot;,&quot;jet_parallax_layout_animation_prop&quot;:&quot;transform&quot;,&quot;jet_parallax_layout_on&quot;:[&quot;desktop&quot;,&quot;tablet&quot;]}],&quot;background_background&quot;:&quot;classic&quot;}\">\n\t\t\t\t\t\t<div class=\"elementor-container elementor-column-gap-no\">\n\t\t\t\t\t<div class=\"elementor-column elementor-col-100 elementor-top-column elementor-element elementor-element-4103218c\" data-id=\"4103218c\" data-element_type=\"column\" data-e-type=\"column\">\n\t\t\t<div class=\"elementor-widget-wrap elementor-element-populated\">\n\t\t\t\t\t\t<div class=\"elementor-element elementor-element-383961d0 elementor-widget elementor-widget-heading\" data-id=\"383961d0\" data-element_type=\"widget\" data-e-type=\"widget\" data-widget_type=\"heading.default\">\n\t\t\t\t\t<h1 class=\"elementor-heading-title elementor-size-default\">La galerie<\/h1>\t\t\t\t<\/div>\n\t\t\t\t\t<\/div>\n\t\t<\/div>\n\t\t\t\t\t<\/div>\n\t\t<\/section>\n\t\t<div class=\"elementor-element elementor-element-2b82bf5 e-flex e-con-boxed e-con e-parent\" data-id=\"2b82bf5\" data-element_type=\"container\" data-e-type=\"container\" data-settings=\"{&quot;jet_parallax_layout_list&quot;:[]}\">\n\t\t\t\t\t<div class=\"e-con-inner\">\n\t\t\t\t<div class=\"elementor-element elementor-element-0a276d4 elementor-widget elementor-widget-text-editor\" data-id=\"0a276d4\" data-element_type=\"widget\" data-e-type=\"widget\" data-widget_type=\"text-editor.default\">\n\t\t\t\t\t\t\t\t\t<p data-start=\"127\" data-end=\"394\"><strong data-start=\"127\" data-end=\"176\">Entrez dans un paysage imaginaire.<br><\/strong><br data-start=\"176\" data-end=\"179\"> La galerie d&rsquo;Artavista n&rsquo;est pas une vitrine, mais une rencontre. Ici, vous ne collectionnez pas des noms ou des titres, mais des id\u00e9es, des \u00e9motions et des perspectives idiosyncrasiques. Chaque \u0153uvre est ind\u00e9pendante, sans \u00e9tiquette ni attente.  <\/p><p data-start=\"396\" data-end=\"681\">Ce que vous voyez est le r\u00e9sultat d&rsquo;artistes qui osent choisir leur propre langage visuel. Les styles diff\u00e8rent, les histoires aussi, mais ensemble ils forment un tout vibrant dans lequel l&rsquo;art n&rsquo;a pas besoin d&rsquo;\u00eatre expliqu\u00e9 pour toucher.   <br><br>Prenez votre temps, laissez votre regard vagabonder et d\u00e9couvrez ce qui colle.<\/p>\t\t\t\t\t\t\t\t<\/div>\n\t\t\t\t\t<\/div>\n\t\t\t\t<\/div>\n\t\t<div class=\"elementor-element elementor-element-62af9a5a e-flex e-con-boxed e-con e-parent\" data-id=\"62af9a5a\" data-element_type=\"container\" data-e-type=\"container\" data-settings=\"{&quot;jet_parallax_layout_list&quot;:[]}\">\n\t\t\t\t\t<div class=\"e-con-inner\">\n\t\t\t\t<div class=\"elementor-element elementor-element-515dd10 elementor-widget elementor-widget-jet-listing-grid\" data-id=\"515dd10\" data-element_type=\"widget\" data-e-type=\"widget\" id=\"kunstwerken-grid\" data-settings=\"{&quot;columns&quot;:&quot;4&quot;,&quot;columns_mobile&quot;:&quot;2&quot;}\" data-widget_type=\"jet-listing-grid.default\">\n\t\t\t\t\t<div class=\"jet-listing-grid jet-listing\"><div class=\"jet-listing-grid__items grid-col-desk-4 grid-col-tablet-4 grid-col-mobile-2 jet-listing-grid--4964 jet-listing-grid__masonry jet-equal-columns__wrapper\" data-masonry-grid-options=\"{&quot;columns&quot;:{&quot;desktop&quot;:4,&quot;tablet&quot;:4,&quot;mobile&quot;:2}}\" data-queried-id=\"11188|WP_Post\" data-nav=\"{&quot;enabled&quot;:false,&quot;type&quot;:null,&quot;more_el&quot;:null,&quot;query&quot;:[],&quot;widget_settings&quot;:{&quot;lisitng_id&quot;:4964,&quot;posts_num&quot;:50,&quot;columns&quot;:4,&quot;columns_tablet&quot;:4,&quot;columns_mobile&quot;:2,&quot;column_min_width&quot;:240,&quot;column_min_width_tablet&quot;:240,&quot;column_min_width_mobile&quot;:240,&quot;inline_columns_css&quot;:false,&quot;is_archive_template&quot;:&quot;&quot;,&quot;post_status&quot;:[&quot;publish&quot;],&quot;use_random_posts_num&quot;:&quot;&quot;,&quot;max_posts_num&quot;:9,&quot;not_found_message&quot;:&quot;Aucune donn\\u00e9e n&#039;a \\u00e9t\\u00e9 trouv\\u00e9e&quot;,&quot;is_masonry&quot;:true,&quot;equal_columns_height&quot;:&quot;yes&quot;,&quot;use_load_more&quot;:&quot;&quot;,&quot;load_more_id&quot;:&quot;&quot;,&quot;load_more_type&quot;:&quot;click&quot;,&quot;load_more_offset&quot;:{&quot;unit&quot;:&quot;px&quot;,&quot;size&quot;:0,&quot;sizes&quot;:[]},&quot;use_custom_post_types&quot;:&quot;&quot;,&quot;custom_post_types&quot;:[],&quot;hide_widget_if&quot;:&quot;&quot;,&quot;carousel_enabled&quot;:&quot;&quot;,&quot;slides_to_scroll&quot;:&quot;1&quot;,&quot;arrows&quot;:&quot;true&quot;,&quot;arrow_icon&quot;:&quot;fa fa-angle-left&quot;,&quot;dots&quot;:&quot;&quot;,&quot;autoplay&quot;:&quot;true&quot;,&quot;pause_on_hover&quot;:&quot;true&quot;,&quot;autoplay_speed&quot;:5000,&quot;infinite&quot;:&quot;true&quot;,&quot;center_mode&quot;:&quot;&quot;,&quot;effect&quot;:&quot;slide&quot;,&quot;speed&quot;:500,&quot;inject_alternative_items&quot;:&quot;&quot;,&quot;injection_items&quot;:[],&quot;scroll_slider_enabled&quot;:&quot;&quot;,&quot;scroll_slider_on&quot;:[&quot;desktop&quot;,&quot;tablet&quot;,&quot;mobile&quot;],&quot;custom_query&quot;:&quot;yes&quot;,&quot;custom_query_id&quot;:&quot;6&quot;,&quot;_element_id&quot;:&quot;kunstwerken-grid&quot;,&quot;collapse_first_last_gap&quot;:false,&quot;list_tag_selection&quot;:&quot;&quot;,&quot;list_items_wrapper_tag&quot;:&quot;div&quot;,&quot;list_item_tag&quot;:&quot;div&quot;,&quot;empty_items_wrapper_tag&quot;:&quot;div&quot;}}\" data-page=\"1\" data-pages=\"1\" data-listing-source=\"query\" data-listing-id=\"4964\" data-query-id=\"6\"><div class=\"jet-listing-grid__item jet-listing-dynamic-post-11806 jet-equal-columns\" data-post-id=\"11806\"  >\t\t<div data-elementor-type=\"jet-listing-items\" data-elementor-id=\"11223\" class=\"elementor elementor-11223 elementor-4964 elementor-4964\" data-elementor-post-type=\"jet-engine\">\n\t\t\t\t<div class=\"elementor-element elementor-element-4da5423 e-flex e-con-boxed e-con e-parent\" data-id=\"4da5423\" data-element_type=\"container\" data-e-type=\"container\" data-settings=\"{&quot;jet_parallax_layout_list&quot;:[]}\">\n\t\t\t\t\t<div class=\"e-con-inner\">\n\t\t<div class=\"elementor-element elementor-element-3919304 e-con-full e-flex e-con e-child\" data-id=\"3919304\" data-element_type=\"container\" data-e-type=\"container\" data-settings=\"{&quot;jet_parallax_layout_list&quot;:[]}\">\n\t\t\t\t<div class=\"elementor-element elementor-element-1d6fdad elementor-widget elementor-widget-jet-listing-dynamic-image\" data-id=\"1d6fdad\" data-element_type=\"widget\" data-e-type=\"widget\" data-widget_type=\"jet-listing-dynamic-image.default\">\n\t\t\t\t\t<div class=\"jet-listing jet-listing-dynamic-image\" ><a href=\"https:\/\/artavista.be\/fr\/kunstwerken\/form-ii\/\" class=\"jet-listing-dynamic-image__link\"><img fetchpriority=\"high\" decoding=\"async\" width=\"415\" height=\"560\" src=\"https:\/\/artavista.be\/wp-content\/uploads\/jet-engine-forms\/300\/2026\/01\/Form-II-web.jpg\" class=\"jet-listing-dynamic-image__img attachment-medium_large size-medium_large wp-post-image\" alt=\"Form-II-web\" srcset=\"https:\/\/artavista.be\/wp-content\/uploads\/jet-engine-forms\/300\/2026\/01\/Form-II-web.jpg 415w, https:\/\/artavista.be\/wp-content\/uploads\/jet-engine-forms\/300\/2026\/01\/Form-II-web-222x300.jpg 222w\" sizes=\"(max-width: 415px) 100vw, 415px\" loading=\"eager\" \/><\/a><\/div>\t\t\t\t<\/div>\n\t\t\t\t<div class=\"elementor-element elementor-element-c695afc elementor-widget elementor-widget-jet-listing-dynamic-field\" data-id=\"c695afc\" data-element_type=\"widget\" data-e-type=\"widget\" data-widget_type=\"jet-listing-dynamic-field.default\">\n\t\t\t\t\t<div class=\"jet-listing jet-listing-dynamic-field display-inline\"><div class=\"jet-listing-dynamic-field__inline-wrap\"><h5 class=\"jet-listing-dynamic-field__content\" >Melvin Pattyn<\/h5><\/div><\/div>\t\t\t\t<\/div>\n\t\t\t\t<div class=\"elementor-element elementor-element-df725e0 elementor-widget elementor-widget-jet-listing-dynamic-field\" data-id=\"df725e0\" data-element_type=\"widget\" data-e-type=\"widget\" data-widget_type=\"jet-listing-dynamic-field.default\">\n\t\t\t\t\t<div class=\"jet-listing jet-listing-dynamic-field display-inline\"><div class=\"jet-listing-dynamic-field__inline-wrap\"><h6 class=\"jet-listing-dynamic-field__content\" >Form II<\/h6><\/div><\/div>\t\t\t\t<\/div>\n\t\t\t\t<\/div>\n\t\t\t\t\t<\/div>\n\t\t\t\t<\/div>\n\t\t\t\t<\/div>\n\t\t<\/div><\/div><\/div>\t\t\t\t<\/div>\n\t\t\t\t\t<\/div>\n\t\t\t\t<\/div>\n\t\t\t\t<\/div>\n\t\t","protected":false},"excerpt":{"rendered":"<p>Entrez dans un paysage imaginaire. La galerie d&rsquo;Artavista n&rsquo;est pas une vitrine, mais une rencontre. Ici, vous ne collectionnez pas des noms ou des titres, mais des id\u00e9es, des \u00e9motions et des perspectives idiosyncrasiques. Chaque \u0153uvre est ind\u00e9pendante, sans \u00e9tiquette ni attente. Ce que vous voyez est le r\u00e9sultat d&rsquo;artistes qui osent choisir leur propre [&hellip;]<\/p>\n","protected":false},"author":21,"featured_media":0,"parent":0,"menu_order":0,"comment_status":"closed","ping_status":"closed","template":"full-width.php","meta":{"_acf_changed":false,"_bbp_topic_count":0,"_bbp_reply_count":0,"_bbp_total_topic_count":0,"_bbp_total_reply_count":0,"_bbp_voice_count":0,"_bbp_anonymous_reply_count":0,"_bbp_topic_count_hidden":0,"_bbp_reply_count_hidden":0,"_bbp_forum_subforum_count":0,"footnotes":""},"class_list":["post-11188","page","type-page","status-publish","hentry"],"acf":[],"yoast_head":"<!-- This site is optimized with the Yoast SEO plugin v27.2 - https:\/\/yoast.com\/product\/yoast-seo-wordpress\/ -->\n<title>La galerie - Artavista<\/title>\n<meta name=\"robots\" content=\"index, follow, max-snippet:-1, max-image-preview:large, max-video-preview:-1\" \/>\n<link rel=\"canonical\" href=\"https:\/\/artavista.be\/fr\/la-galerie\/\" \/>\n<meta property=\"og:locale\" content=\"fr_FR\" \/>\n<meta property=\"og:type\" content=\"article\" \/>\n<meta property=\"og:title\" content=\"La galerie - Artavista\" \/>\n<meta property=\"og:description\" content=\"Entrez dans un paysage imaginaire. La galerie d&rsquo;Artavista n&rsquo;est pas une vitrine, mais une rencontre. Ici, vous ne collectionnez pas des noms ou des titres, mais des id\u00e9es, des \u00e9motions et des perspectives idiosyncrasiques. Chaque \u0153uvre est ind\u00e9pendante, sans \u00e9tiquette ni attente. Ce que vous voyez est le r\u00e9sultat d&rsquo;artistes qui osent choisir leur propre [&hellip;]\" \/>\n<meta property=\"og:url\" content=\"https:\/\/artavista.be\/fr\/la-galerie\/\" \/>\n<meta property=\"og:site_name\" content=\"Artavista\" \/>\n<meta property=\"article:modified_time\" content=\"2026-01-22T09:38:45+00:00\" \/>\n<meta property=\"og:image\" content=\"https:\/\/artavista.be\/wp-content\/uploads\/2023\/11\/cropped-Logo-meesters-van-het-realisme-1-e1701774067476.png\" \/>\n\t<meta property=\"og:image:width\" content=\"506\" \/>\n\t<meta property=\"og:image:height\" content=\"318\" \/>\n\t<meta property=\"og:image:type\" content=\"image\/png\" \/>\n<meta name=\"twitter:card\" content=\"summary_large_image\" \/>\n<meta name=\"twitter:label1\" content=\"Dur\u00e9e de lecture estim\u00e9e\" \/>\n\t<meta name=\"twitter:data1\" content=\"1 minute\" \/>\n<script type=\"application\/ld+json\" class=\"yoast-schema-graph\">{\"@context\":\"https:\/\/schema.org\",\"@graph\":[{\"@type\":\"WebPage\",\"@id\":\"https:\/\/artavista.be\/fr\/la-galerie\/\",\"url\":\"https:\/\/artavista.be\/fr\/la-galerie\/\",\"name\":\"La galerie - Artavista\",\"isPartOf\":{\"@id\":\"https:\/\/artavista.be\/#website\"},\"datePublished\":\"2024-04-30T17:59:27+00:00\",\"dateModified\":\"2026-01-22T09:38:45+00:00\",\"breadcrumb\":{\"@id\":\"https:\/\/artavista.be\/fr\/la-galerie\/#breadcrumb\"},\"inLanguage\":\"fr-FR\",\"potentialAction\":[{\"@type\":\"ReadAction\",\"target\":[\"https:\/\/artavista.be\/fr\/la-galerie\/\"]}]},{\"@type\":\"BreadcrumbList\",\"@id\":\"https:\/\/artavista.be\/fr\/la-galerie\/#breadcrumb\",\"itemListElement\":[{\"@type\":\"ListItem\",\"position\":1,\"name\":\"Home\",\"item\":\"https:\/\/artavista.be\/\"},{\"@type\":\"ListItem\",\"position\":2,\"name\":\"La galerie\"}]},{\"@type\":\"WebSite\",\"@id\":\"https:\/\/artavista.be\/#website\",\"url\":\"https:\/\/artavista.be\/\",\"name\":\"Artavista\",\"description\":\"\",\"publisher\":{\"@id\":\"https:\/\/artavista.be\/#organization\"},\"potentialAction\":[{\"@type\":\"SearchAction\",\"target\":{\"@type\":\"EntryPoint\",\"urlTemplate\":\"https:\/\/artavista.be\/?s={search_term_string}\"},\"query-input\":{\"@type\":\"PropertyValueSpecification\",\"valueRequired\":true,\"valueName\":\"search_term_string\"}}],\"inLanguage\":\"fr-FR\"},{\"@type\":\"Organization\",\"@id\":\"https:\/\/artavista.be\/#organization\",\"name\":\"Artavista\",\"url\":\"https:\/\/artavista.be\/\",\"logo\":{\"@type\":\"ImageObject\",\"inLanguage\":\"fr-FR\",\"@id\":\"https:\/\/artavista.be\/#\/schema\/logo\/image\/\",\"url\":\"https:\/\/artavista.be\/wp-content\/uploads\/2023\/11\/cropped-Logo-meesters-van-het-realisme-1-e1701774067476.png\",\"contentUrl\":\"https:\/\/artavista.be\/wp-content\/uploads\/2023\/11\/cropped-Logo-meesters-van-het-realisme-1-e1701774067476.png\",\"width\":506,\"height\":318,\"caption\":\"Artavista\"},\"image\":{\"@id\":\"https:\/\/artavista.be\/#\/schema\/logo\/image\/\"}}]}<\/script>\n<!-- \/ Yoast SEO plugin. -->","yoast_head_json":{"title":"La galerie - Artavista","robots":{"index":"index","follow":"follow","max-snippet":"max-snippet:-1","max-image-preview":"max-image-preview:large","max-video-preview":"max-video-preview:-1"},"canonical":"https:\/\/artavista.be\/fr\/la-galerie\/","og_locale":"fr_FR","og_type":"article","og_title":"La galerie - Artavista","og_description":"Entrez dans un paysage imaginaire. La galerie d&rsquo;Artavista n&rsquo;est pas une vitrine, mais une rencontre. Ici, vous ne collectionnez pas des noms ou des titres, mais des id\u00e9es, des \u00e9motions et des perspectives idiosyncrasiques. Chaque \u0153uvre est ind\u00e9pendante, sans \u00e9tiquette ni attente. Ce que vous voyez est le r\u00e9sultat d&rsquo;artistes qui osent choisir leur propre [&hellip;]","og_url":"https:\/\/artavista.be\/fr\/la-galerie\/","og_site_name":"Artavista","article_modified_time":"2026-01-22T09:38:45+00:00","og_image":[{"width":506,"height":318,"url":"https:\/\/artavista.be\/wp-content\/uploads\/2023\/11\/cropped-Logo-meesters-van-het-realisme-1-e1701774067476.png","type":"image\/png"}],"twitter_card":"summary_large_image","twitter_misc":{"Dur\u00e9e de lecture estim\u00e9e":"1 minute"},"schema":{"@context":"https:\/\/schema.org","@graph":[{"@type":"WebPage","@id":"https:\/\/artavista.be\/fr\/la-galerie\/","url":"https:\/\/artavista.be\/fr\/la-galerie\/","name":"La galerie - Artavista","isPartOf":{"@id":"https:\/\/artavista.be\/#website"},"datePublished":"2024-04-30T17:59:27+00:00","dateModified":"2026-01-22T09:38:45+00:00","breadcrumb":{"@id":"https:\/\/artavista.be\/fr\/la-galerie\/#breadcrumb"},"inLanguage":"fr-FR","potentialAction":[{"@type":"ReadAction","target":["https:\/\/artavista.be\/fr\/la-galerie\/"]}]},{"@type":"BreadcrumbList","@id":"https:\/\/artavista.be\/fr\/la-galerie\/#breadcrumb","itemListElement":[{"@type":"ListItem","position":1,"name":"Home","item":"https:\/\/artavista.be\/"},{"@type":"ListItem","position":2,"name":"La galerie"}]},{"@type":"WebSite","@id":"https:\/\/artavista.be\/#website","url":"https:\/\/artavista.be\/","name":"Artavista","description":"","publisher":{"@id":"https:\/\/artavista.be\/#organization"},"potentialAction":[{"@type":"SearchAction","target":{"@type":"EntryPoint","urlTemplate":"https:\/\/artavista.be\/?s={search_term_string}"},"query-input":{"@type":"PropertyValueSpecification","valueRequired":true,"valueName":"search_term_string"}}],"inLanguage":"fr-FR"},{"@type":"Organization","@id":"https:\/\/artavista.be\/#organization","name":"Artavista","url":"https:\/\/artavista.be\/","logo":{"@type":"ImageObject","inLanguage":"fr-FR","@id":"https:\/\/artavista.be\/#\/schema\/logo\/image\/","url":"https:\/\/artavista.be\/wp-content\/uploads\/2023\/11\/cropped-Logo-meesters-van-het-realisme-1-e1701774067476.png","contentUrl":"https:\/\/artavista.be\/wp-content\/uploads\/2023\/11\/cropped-Logo-meesters-van-het-realisme-1-e1701774067476.png","width":506,"height":318,"caption":"Artavista"},"image":{"@id":"https:\/\/artavista.be\/#\/schema\/logo\/image\/"}}]}},"_links":{"self":[{"href":"https:\/\/artavista.be\/fr\/wp-json\/wp\/v2\/pages\/11188","targetHints":{"allow":["GET"]}}],"collection":[{"href":"https:\/\/artavista.be\/fr\/wp-json\/wp\/v2\/pages"}],"about":[{"href":"https:\/\/artavista.be\/fr\/wp-json\/wp\/v2\/types\/page"}],"author":[{"embeddable":true,"href":"https:\/\/artavista.be\/fr\/wp-json\/wp\/v2\/users\/21"}],"replies":[{"embeddable":true,"href":"https:\/\/artavista.be\/fr\/wp-json\/wp\/v2\/comments?post=11188"}],"version-history":[{"count":3,"href":"https:\/\/artavista.be\/fr\/wp-json\/wp\/v2\/pages\/11188\/revisions"}],"predecessor-version":[{"id":11655,"href":"https:\/\/artavista.be\/fr\/wp-json\/wp\/v2\/pages\/11188\/revisions\/11655"}],"wp:attachment":[{"href":"https:\/\/artavista.be\/fr\/wp-json\/wp\/v2\/media?parent=11188"}],"curies":[{"name":"wp","href":"https:\/\/api.w.org\/{rel}","templated":true}]}}