{"id":11182,"date":"2025-02-14T14:58:23","date_gmt":"2025-02-14T13:58:23","guid":{"rendered":"https:\/\/artavista.be\/a-propos-de-nous\/"},"modified":"2026-01-22T10:48:57","modified_gmt":"2026-01-22T09:48:57","slug":"a-propos-de-nous","status":"publish","type":"page","link":"https:\/\/artavista.be\/fr\/a-propos-de-nous\/","title":{"rendered":"A propos de nous"},"content":{"rendered":"\t\t<div data-elementor-type=\"wp-page\" data-elementor-id=\"11182\" class=\"elementor elementor-11182 elementor-6904\" data-elementor-post-type=\"page\">\n\t\t\t\t\t\t<section class=\"elementor-section elementor-top-section elementor-element elementor-element-c52ae8a elementor-section-boxed elementor-section-height-default elementor-section-height-default\" data-id=\"c52ae8a\" data-element_type=\"section\" data-e-type=\"section\" data-settings=\"{&quot;jet_parallax_layout_list&quot;:[{&quot;jet_parallax_layout_image&quot;:{&quot;url&quot;:&quot;&quot;,&quot;id&quot;:&quot;&quot;,&quot;size&quot;:&quot;&quot;},&quot;_id&quot;:&quot;5b6044a&quot;,&quot;jet_parallax_layout_image_tablet&quot;:{&quot;url&quot;:&quot;&quot;,&quot;id&quot;:&quot;&quot;,&quot;size&quot;:&quot;&quot;},&quot;jet_parallax_layout_image_mobile&quot;:{&quot;url&quot;:&quot;&quot;,&quot;id&quot;:&quot;&quot;,&quot;size&quot;:&quot;&quot;},&quot;jet_parallax_layout_speed&quot;:{&quot;unit&quot;:&quot;%&quot;,&quot;size&quot;:50,&quot;sizes&quot;:[]},&quot;jet_parallax_layout_type&quot;:&quot;scroll&quot;,&quot;jet_parallax_layout_direction&quot;:&quot;1&quot;,&quot;jet_parallax_layout_fx_direction&quot;:null,&quot;jet_parallax_layout_z_index&quot;:&quot;&quot;,&quot;jet_parallax_layout_bg_x&quot;:50,&quot;jet_parallax_layout_bg_x_tablet&quot;:&quot;&quot;,&quot;jet_parallax_layout_bg_x_mobile&quot;:&quot;&quot;,&quot;jet_parallax_layout_bg_y&quot;:50,&quot;jet_parallax_layout_bg_y_tablet&quot;:&quot;&quot;,&quot;jet_parallax_layout_bg_y_mobile&quot;:&quot;&quot;,&quot;jet_parallax_layout_bg_size&quot;:&quot;auto&quot;,&quot;jet_parallax_layout_bg_size_tablet&quot;:&quot;&quot;,&quot;jet_parallax_layout_bg_size_mobile&quot;:&quot;&quot;,&quot;jet_parallax_layout_animation_prop&quot;:&quot;transform&quot;,&quot;jet_parallax_layout_on&quot;:[&quot;desktop&quot;,&quot;tablet&quot;]}],&quot;background_background&quot;:&quot;classic&quot;}\">\n\t\t\t\t\t\t<div class=\"elementor-container elementor-column-gap-no\">\n\t\t\t\t\t<div class=\"elementor-column elementor-col-100 elementor-top-column elementor-element elementor-element-e2f4778\" data-id=\"e2f4778\" data-element_type=\"column\" data-e-type=\"column\">\n\t\t\t<div class=\"elementor-widget-wrap elementor-element-populated\">\n\t\t\t\t\t\t<div class=\"elementor-element elementor-element-c55bd7c elementor-widget elementor-widget-heading\" data-id=\"c55bd7c\" data-element_type=\"widget\" data-e-type=\"widget\" data-widget_type=\"heading.default\">\n\t\t\t\t\t<h1 class=\"elementor-heading-title elementor-size-default\">A propos de nous<\/h1>\t\t\t\t<\/div>\n\t\t\t\t\t<\/div>\n\t\t<\/div>\n\t\t\t\t\t<\/div>\n\t\t<\/section>\n\t\t<div class=\"elementor-element elementor-element-018af74 e-flex e-con-boxed e-con e-parent\" data-id=\"018af74\" data-element_type=\"container\" data-e-type=\"container\" data-settings=\"{&quot;jet_parallax_layout_list&quot;:[]}\">\n\t\t\t\t\t<div class=\"e-con-inner\">\n\t\t\t\t<div class=\"elementor-element elementor-element-3ea4733 elementor-widget elementor-widget-text-editor\" data-id=\"3ea4733\" data-element_type=\"widget\" data-e-type=\"widget\" data-widget_type=\"text-editor.default\">\n\t\t\t\t\t\t\t\t\t<p>ArtaVista est une association d&rsquo;artistes pour les artistes visuels belges. Par l&rsquo;interm\u00e9diaire d&rsquo;ArtaVista, vous recevez des offres sur les possibilit\u00e9s de pr\u00e9sentation dans les principales foires d&rsquo;art, dans les livres, sur l&rsquo;internet et plus encore. <\/p><p>ArtaVista est une initiative de De Kunst Collegas BV, dont le si\u00e8ge social est situ\u00e9 \u00e0 Oosterhout, Energieweg 49, 4906 CG .<\/p><p>Contactez-nous par courrier \u00e9lectronique \u00e0 l&rsquo;adresse info@artavista.be.  <\/p>\t\t\t\t\t\t\t\t<\/div>\n\t\t\t\t\t<\/div>\n\t\t\t\t<\/div>\n\t\t\t\t<\/div>\n\t\t","protected":false},"excerpt":{"rendered":"<p>ArtaVista est une association d&rsquo;artistes pour les artistes visuels belges. Par l&rsquo;interm\u00e9diaire d&rsquo;ArtaVista, vous recevez des offres sur les possibilit\u00e9s de pr\u00e9sentation dans les principales foires d&rsquo;art, dans les livres, sur l&rsquo;internet et plus encore. ArtaVista est une initiative de De Kunst Collegas BV, dont le si\u00e8ge social est situ\u00e9 \u00e0 Oosterhout, Energieweg 49, 4906 [&hellip;]<\/p>\n","protected":false},"author":2,"featured_media":0,"parent":0,"menu_order":0,"comment_status":"closed","ping_status":"closed","template":"full-width.php","meta":{"_acf_changed":false,"_bbp_topic_count":0,"_bbp_reply_count":0,"_bbp_total_topic_count":0,"_bbp_total_reply_count":0,"_bbp_voice_count":0,"_bbp_anonymous_reply_count":0,"_bbp_topic_count_hidden":0,"_bbp_reply_count_hidden":0,"_bbp_forum_subforum_count":0,"footnotes":""},"class_list":["post-11182","page","type-page","status-publish","hentry"],"acf":[],"yoast_head":"<!-- This site is optimized with the Yoast SEO plugin v27.2 - https:\/\/yoast.com\/product\/yoast-seo-wordpress\/ -->\n<title>A propos de nous - Artavista<\/title>\n<meta name=\"robots\" content=\"index, follow, max-snippet:-1, max-image-preview:large, max-video-preview:-1\" \/>\n<link rel=\"canonical\" href=\"https:\/\/artavista.be\/fr\/a-propos-de-nous\/\" \/>\n<meta property=\"og:locale\" content=\"fr_FR\" \/>\n<meta property=\"og:type\" content=\"article\" \/>\n<meta property=\"og:title\" content=\"A propos de nous - Artavista\" \/>\n<meta property=\"og:description\" content=\"ArtaVista est une association d&rsquo;artistes pour les artistes visuels belges. Par l&rsquo;interm\u00e9diaire d&rsquo;ArtaVista, vous recevez des offres sur les possibilit\u00e9s de pr\u00e9sentation dans les principales foires d&rsquo;art, dans les livres, sur l&rsquo;internet et plus encore. ArtaVista est une initiative de De Kunst Collegas BV, dont le si\u00e8ge social est situ\u00e9 \u00e0 Oosterhout, Energieweg 49, 4906 [&hellip;]\" \/>\n<meta property=\"og:url\" content=\"https:\/\/artavista.be\/fr\/a-propos-de-nous\/\" \/>\n<meta property=\"og:site_name\" content=\"Artavista\" \/>\n<meta property=\"article:modified_time\" content=\"2026-01-22T09:48:57+00:00\" \/>\n<meta property=\"og:image\" content=\"https:\/\/artavista.be\/wp-content\/uploads\/2023\/11\/cropped-Logo-meesters-van-het-realisme-1-e1701774067476.png\" \/>\n\t<meta property=\"og:image:width\" content=\"506\" \/>\n\t<meta property=\"og:image:height\" content=\"318\" \/>\n\t<meta property=\"og:image:type\" content=\"image\/png\" \/>\n<meta name=\"twitter:card\" content=\"summary_large_image\" \/>\n<script type=\"application\/ld+json\" class=\"yoast-schema-graph\">{\"@context\":\"https:\/\/schema.org\",\"@graph\":[{\"@type\":\"WebPage\",\"@id\":\"https:\/\/artavista.be\/fr\/a-propos-de-nous\/\",\"url\":\"https:\/\/artavista.be\/fr\/a-propos-de-nous\/\",\"name\":\"A propos de nous - Artavista\",\"isPartOf\":{\"@id\":\"https:\/\/artavista.be\/#website\"},\"datePublished\":\"2025-02-14T13:58:23+00:00\",\"dateModified\":\"2026-01-22T09:48:57+00:00\",\"breadcrumb\":{\"@id\":\"https:\/\/artavista.be\/fr\/a-propos-de-nous\/#breadcrumb\"},\"inLanguage\":\"fr-FR\",\"potentialAction\":[{\"@type\":\"ReadAction\",\"target\":[\"https:\/\/artavista.be\/fr\/a-propos-de-nous\/\"]}]},{\"@type\":\"BreadcrumbList\",\"@id\":\"https:\/\/artavista.be\/fr\/a-propos-de-nous\/#breadcrumb\",\"itemListElement\":[{\"@type\":\"ListItem\",\"position\":1,\"name\":\"Home\",\"item\":\"https:\/\/artavista.be\/\"},{\"@type\":\"ListItem\",\"position\":2,\"name\":\"A propos de nous\"}]},{\"@type\":\"WebSite\",\"@id\":\"https:\/\/artavista.be\/#website\",\"url\":\"https:\/\/artavista.be\/\",\"name\":\"Artavista\",\"description\":\"\",\"publisher\":{\"@id\":\"https:\/\/artavista.be\/#organization\"},\"potentialAction\":[{\"@type\":\"SearchAction\",\"target\":{\"@type\":\"EntryPoint\",\"urlTemplate\":\"https:\/\/artavista.be\/?s={search_term_string}\"},\"query-input\":{\"@type\":\"PropertyValueSpecification\",\"valueRequired\":true,\"valueName\":\"search_term_string\"}}],\"inLanguage\":\"fr-FR\"},{\"@type\":\"Organization\",\"@id\":\"https:\/\/artavista.be\/#organization\",\"name\":\"Artavista\",\"url\":\"https:\/\/artavista.be\/\",\"logo\":{\"@type\":\"ImageObject\",\"inLanguage\":\"fr-FR\",\"@id\":\"https:\/\/artavista.be\/#\/schema\/logo\/image\/\",\"url\":\"https:\/\/artavista.be\/wp-content\/uploads\/2023\/11\/cropped-Logo-meesters-van-het-realisme-1-e1701774067476.png\",\"contentUrl\":\"https:\/\/artavista.be\/wp-content\/uploads\/2023\/11\/cropped-Logo-meesters-van-het-realisme-1-e1701774067476.png\",\"width\":506,\"height\":318,\"caption\":\"Artavista\"},\"image\":{\"@id\":\"https:\/\/artavista.be\/#\/schema\/logo\/image\/\"}}]}<\/script>\n<!-- \/ Yoast SEO plugin. -->","yoast_head_json":{"title":"A propos de nous - Artavista","robots":{"index":"index","follow":"follow","max-snippet":"max-snippet:-1","max-image-preview":"max-image-preview:large","max-video-preview":"max-video-preview:-1"},"canonical":"https:\/\/artavista.be\/fr\/a-propos-de-nous\/","og_locale":"fr_FR","og_type":"article","og_title":"A propos de nous - Artavista","og_description":"ArtaVista est une association d&rsquo;artistes pour les artistes visuels belges. Par l&rsquo;interm\u00e9diaire d&rsquo;ArtaVista, vous recevez des offres sur les possibilit\u00e9s de pr\u00e9sentation dans les principales foires d&rsquo;art, dans les livres, sur l&rsquo;internet et plus encore. ArtaVista est une initiative de De Kunst Collegas BV, dont le si\u00e8ge social est situ\u00e9 \u00e0 Oosterhout, Energieweg 49, 4906 [&hellip;]","og_url":"https:\/\/artavista.be\/fr\/a-propos-de-nous\/","og_site_name":"Artavista","article_modified_time":"2026-01-22T09:48:57+00:00","og_image":[{"width":506,"height":318,"url":"https:\/\/artavista.be\/wp-content\/uploads\/2023\/11\/cropped-Logo-meesters-van-het-realisme-1-e1701774067476.png","type":"image\/png"}],"twitter_card":"summary_large_image","schema":{"@context":"https:\/\/schema.org","@graph":[{"@type":"WebPage","@id":"https:\/\/artavista.be\/fr\/a-propos-de-nous\/","url":"https:\/\/artavista.be\/fr\/a-propos-de-nous\/","name":"A propos de nous - Artavista","isPartOf":{"@id":"https:\/\/artavista.be\/#website"},"datePublished":"2025-02-14T13:58:23+00:00","dateModified":"2026-01-22T09:48:57+00:00","breadcrumb":{"@id":"https:\/\/artavista.be\/fr\/a-propos-de-nous\/#breadcrumb"},"inLanguage":"fr-FR","potentialAction":[{"@type":"ReadAction","target":["https:\/\/artavista.be\/fr\/a-propos-de-nous\/"]}]},{"@type":"BreadcrumbList","@id":"https:\/\/artavista.be\/fr\/a-propos-de-nous\/#breadcrumb","itemListElement":[{"@type":"ListItem","position":1,"name":"Home","item":"https:\/\/artavista.be\/"},{"@type":"ListItem","position":2,"name":"A propos de nous"}]},{"@type":"WebSite","@id":"https:\/\/artavista.be\/#website","url":"https:\/\/artavista.be\/","name":"Artavista","description":"","publisher":{"@id":"https:\/\/artavista.be\/#organization"},"potentialAction":[{"@type":"SearchAction","target":{"@type":"EntryPoint","urlTemplate":"https:\/\/artavista.be\/?s={search_term_string}"},"query-input":{"@type":"PropertyValueSpecification","valueRequired":true,"valueName":"search_term_string"}}],"inLanguage":"fr-FR"},{"@type":"Organization","@id":"https:\/\/artavista.be\/#organization","name":"Artavista","url":"https:\/\/artavista.be\/","logo":{"@type":"ImageObject","inLanguage":"fr-FR","@id":"https:\/\/artavista.be\/#\/schema\/logo\/image\/","url":"https:\/\/artavista.be\/wp-content\/uploads\/2023\/11\/cropped-Logo-meesters-van-het-realisme-1-e1701774067476.png","contentUrl":"https:\/\/artavista.be\/wp-content\/uploads\/2023\/11\/cropped-Logo-meesters-van-het-realisme-1-e1701774067476.png","width":506,"height":318,"caption":"Artavista"},"image":{"@id":"https:\/\/artavista.be\/#\/schema\/logo\/image\/"}}]}},"_links":{"self":[{"href":"https:\/\/artavista.be\/fr\/wp-json\/wp\/v2\/pages\/11182","targetHints":{"allow":["GET"]}}],"collection":[{"href":"https:\/\/artavista.be\/fr\/wp-json\/wp\/v2\/pages"}],"about":[{"href":"https:\/\/artavista.be\/fr\/wp-json\/wp\/v2\/types\/page"}],"author":[{"embeddable":true,"href":"https:\/\/artavista.be\/fr\/wp-json\/wp\/v2\/users\/2"}],"replies":[{"embeddable":true,"href":"https:\/\/artavista.be\/fr\/wp-json\/wp\/v2\/comments?post=11182"}],"version-history":[{"count":5,"href":"https:\/\/artavista.be\/fr\/wp-json\/wp\/v2\/pages\/11182\/revisions"}],"predecessor-version":[{"id":11676,"href":"https:\/\/artavista.be\/fr\/wp-json\/wp\/v2\/pages\/11182\/revisions\/11676"}],"wp:attachment":[{"href":"https:\/\/artavista.be\/fr\/wp-json\/wp\/v2\/media?parent=11182"}],"curies":[{"name":"wp","href":"https:\/\/api.w.org\/{rel}","templated":true}]}}