{"id":11098,"date":"2023-07-27T08:12:56","date_gmt":"2023-07-27T06:12:56","guid":{"rendered":"https:\/\/artavista.be\/protocole\/"},"modified":"2025-02-27T13:51:46","modified_gmt":"2025-02-27T12:51:46","slug":"protocole","status":"publish","type":"page","link":"https:\/\/artavista.be\/fr\/protocole\/","title":{"rendered":"Protocole"},"content":{"rendered":"\t\t<div data-elementor-type=\"wp-page\" data-elementor-id=\"11098\" class=\"elementor elementor-11098 elementor-85\" data-elementor-post-type=\"page\">\n\t\t\t\t\t\t<section class=\"elementor-section elementor-top-section elementor-element elementor-element-9177080 elementor-section-boxed elementor-section-height-default elementor-section-height-default\" data-id=\"9177080\" data-element_type=\"section\" data-e-type=\"section\" data-settings=\"{&quot;jet_parallax_layout_list&quot;:[{&quot;jet_parallax_layout_image&quot;:{&quot;url&quot;:&quot;&quot;,&quot;id&quot;:&quot;&quot;,&quot;size&quot;:&quot;&quot;},&quot;_id&quot;:&quot;5b6044a&quot;,&quot;jet_parallax_layout_image_tablet&quot;:{&quot;url&quot;:&quot;&quot;,&quot;id&quot;:&quot;&quot;,&quot;size&quot;:&quot;&quot;},&quot;jet_parallax_layout_image_mobile&quot;:{&quot;url&quot;:&quot;&quot;,&quot;id&quot;:&quot;&quot;,&quot;size&quot;:&quot;&quot;},&quot;jet_parallax_layout_speed&quot;:{&quot;unit&quot;:&quot;%&quot;,&quot;size&quot;:50,&quot;sizes&quot;:[]},&quot;jet_parallax_layout_type&quot;:&quot;scroll&quot;,&quot;jet_parallax_layout_direction&quot;:&quot;1&quot;,&quot;jet_parallax_layout_fx_direction&quot;:null,&quot;jet_parallax_layout_z_index&quot;:&quot;&quot;,&quot;jet_parallax_layout_bg_x&quot;:50,&quot;jet_parallax_layout_bg_x_tablet&quot;:&quot;&quot;,&quot;jet_parallax_layout_bg_x_mobile&quot;:&quot;&quot;,&quot;jet_parallax_layout_bg_y&quot;:50,&quot;jet_parallax_layout_bg_y_tablet&quot;:&quot;&quot;,&quot;jet_parallax_layout_bg_y_mobile&quot;:&quot;&quot;,&quot;jet_parallax_layout_bg_size&quot;:&quot;auto&quot;,&quot;jet_parallax_layout_bg_size_tablet&quot;:&quot;&quot;,&quot;jet_parallax_layout_bg_size_mobile&quot;:&quot;&quot;,&quot;jet_parallax_layout_animation_prop&quot;:&quot;transform&quot;,&quot;jet_parallax_layout_on&quot;:[&quot;desktop&quot;,&quot;tablet&quot;]}],&quot;background_background&quot;:&quot;classic&quot;}\">\n\t\t\t\t\t\t<div class=\"elementor-container elementor-column-gap-no\">\n\t\t\t\t\t<div class=\"elementor-column elementor-col-100 elementor-top-column elementor-element elementor-element-f5515f4\" data-id=\"f5515f4\" data-element_type=\"column\" data-e-type=\"column\">\n\t\t\t<div class=\"elementor-widget-wrap elementor-element-populated\">\n\t\t\t\t\t\t<div class=\"elementor-element elementor-element-7631cc2 elementor-widget elementor-widget-heading\" data-id=\"7631cc2\" data-element_type=\"widget\" data-e-type=\"widget\" data-widget_type=\"heading.default\">\n\t\t\t\t\t<h1 class=\"elementor-heading-title elementor-size-default\">Protocole<\/h1>\t\t\t\t<\/div>\n\t\t\t\t\t<\/div>\n\t\t<\/div>\n\t\t\t\t\t<\/div>\n\t\t<\/section>\n\t\t<div class=\"elementor-element elementor-element-4bb1492b e-flex e-con-boxed e-con e-parent\" data-id=\"4bb1492b\" data-element_type=\"container\" data-e-type=\"container\" data-settings=\"{&quot;jet_parallax_layout_list&quot;:[]}\">\n\t\t\t\t\t<div class=\"e-con-inner\">\n\t\t\t\t<div class=\"elementor-element elementor-element-5862fa2a elementor-widget elementor-widget-text-editor\" data-id=\"5862fa2a\" data-element_type=\"widget\" data-e-type=\"widget\" data-widget_type=\"text-editor.default\">\n\t\t\t\t\t\t\t\t\t<ol style=\"font-weight: 400;\"><li>G\u00e9n\u00e9ral<ol><li><em>Artavista<\/em> et <em>Masters of Realism<\/em> sont des initiatives men\u00e9es par De Kunst Collegas B.V., dont le si\u00e8ge social est situ\u00e9 \u00e0 Roermond et l&rsquo;\u00e9tablissement principal \u00e0 Oosterhout, Energieweg 49, 4906 CG.<\/li><li>L&rsquo;objectif de ces deux initiatives est (1) de parvenir \u00e0 la composition d&rsquo;un groupe de 200 <em>Artavista<\/em> au maximum, compos\u00e9 d&rsquo;artistes n\u00e9erlandais vivants qui cr\u00e9ent des \u0153uvres de peinture r\u00e9aliste de haut niveau et (2) de porter la peinture r\u00e9aliste en g\u00e9n\u00e9ral et les Artavista en particulier \u00e0 l&rsquo;attention des amateurs d&rsquo;art, des acheteurs d&rsquo;art, des collectionneurs d&rsquo;art et des clients (potentiels) dans le pays et \u00e0 l&rsquo;\u00e9tranger.<\/li><li>The Art Colleagues ne peut en aucun cas \u00eatre tenu pour responsable des informations non, incompl\u00e8tes ou incorrectes publi\u00e9es sur le site web mastersofrealism.com ou mastersofrealism.com. The Art Colleagues ne peut pas non plus \u00eatre tenu responsable des informations r\u00e9pertori\u00e9es qui n&rsquo;ont pas \u00e9t\u00e9 fournies de mani\u00e8re v\u00e9ridique par la personne qui les a fournies. <\/li><li>En utilisant les services offerts par The Art Colleagues en relation avec <em>Artavista<\/em> et les <em>Ma\u00eetres du R\u00e9alisme <\/em>, la personne qui utilise les services accepte inconditionnellement et pleinement le pr\u00e9sent protocole.<\/li><\/ol><\/li><li><em>Artavista<\/em><ol><li>L&rsquo;<em>Artavista<\/em> regroupe des artistes vivants qui, de l&rsquo;avis des membres du comit\u00e9 de vote, r\u00e9alisent une peinture r\u00e9aliste de tr\u00e8s haut niveau.<\/li><li>Un maximum de 200 artistes visuels vivants de nationalit\u00e9 n\u00e9erlandaise font partie d&rsquo;<em>Artavista<\/em>. Le nombre maximum d&rsquo;<em>Artavista<\/em> est bas\u00e9 sur le nombre d&rsquo;habitants, ajust\u00e9 sur la base d&rsquo;une hypoth\u00e8se concernant le nombre d&rsquo;artistes nationaux peignant de mani\u00e8re r\u00e9aliste. <\/li><li>Les artistes souhaitant rejoindre l&rsquo;<em>Artavista<\/em> peuvent se porter candidats au vote. Si le verdict des membres du comit\u00e9 de vote est positif et que 200 artistes rejoignent <em>Artavista<\/em>, ils seront plac\u00e9s sur la liste d&rsquo;attente. La liste d&rsquo;attente comprend un maximum de vingt-cinq artistes vot\u00e9s.  <\/li><li>Si un artiste exprime le souhait de rejoindre <em>Artavista<\/em> et que la liste d&rsquo;attente compte un maximum de vingt-cinq artistes soumis au vote, les candidatures ne seront pas prises en consid\u00e9ration et ne feront donc pas l&rsquo;objet d&rsquo;un vote.<\/li><li>Les artistes qui font partie des 200<em> Artavista<\/em> le resteront jusqu&rsquo;\u00e0 leur d\u00e9sinscription ou leur d\u00e9c\u00e8s.<\/li><li>Un artiste qui, de l&rsquo;avis de The Art Collegiates, ne se comporte pas comme on peut l&rsquo;attendre d&rsquo;un <em>Ma\u00eetre du R\u00e9alisme<\/em> peut, si les demandes de modification du comportement n&rsquo;ont pas l&rsquo;effet escompt\u00e9, se voir refuser l&rsquo;adh\u00e9sion continue \u00e0 l&rsquo;<em>Artavista<\/em>.<\/li><li>Les artistes qui font partie d&rsquo;<em>Artavista<\/em> paient une cotisation qui est per\u00e7ue annuellement par pr\u00e9l\u00e8vement automatique. Le montant de la cotisation pour l&rsquo;adh\u00e9sion et le maintien de l&rsquo;<em>Artavista<\/em> est indiqu\u00e9 sur le formulaire d&rsquo;inscription. <\/li><\/ol><\/li><li><em>Les ma\u00eetres du r\u00e9alisme<\/em><ol><li>D&rsquo;ici \u00e0 la fin de l&rsquo;ann\u00e9e 2024, plusieurs pays internationaux suivront l&rsquo;exemple de l&rsquo;<em>Artavista<\/em> et honoreront \u00e9galement les artistes de leur pays qui peignent de mani\u00e8re r\u00e9aliste en leur d\u00e9cernant le titre de \u00a0\u00bb <em>Ma\u00eetre du r\u00e9alisme\u00a0\u00bb<\/em>.<\/li><li>Le nombre maximum d&rsquo;<em>Artavista<\/em> par pays est bas\u00e9 sur le nombre d&rsquo;habitants, ajust\u00e9 sur la base d&rsquo;une hypoth\u00e8se concernant le nombre d&rsquo;artistes nationaux peignant de mani\u00e8re r\u00e9aliste.<\/li><li>Les d\u00e9tails de la proc\u00e9dure des <em>Masters of Realism<\/em> seront pr\u00e9cis\u00e9s dans le pr\u00e9sent protocole d&rsquo;ici la fin de l&rsquo;ann\u00e9e 2024, ainsi que sur le site <a href=\"http:\/\/www.mastersofrealism.com\/\">www.mastersofrealism.com<\/a>.<\/li><\/ol><\/li><li>Inscription et vote<ol><li>Tout artiste souhaitant rejoindre l&rsquo;<em>Artavista<\/em> peut poser sa candidature en utilisant le formulaire de candidature figurant sur le site Internet de l&rsquo;<em>Artavista<\/em><a href=\"https:\/\/www.meestersvanhetrealisme.nl\/\">(www.meestersvanhetrealisme.nl).<\/a> L&rsquo;adh\u00e9sion \u00e0 <em>Artavista<\/em> est pr\u00e9c\u00e9d\u00e9e d&rsquo;un examen de l&rsquo;\u0153uvre par les membres d&rsquo;un comit\u00e9 de vote. Les membres du comit\u00e9 de vote donnent leur avis en toute ind\u00e9pendance. Ce n&rsquo;est que si les avis des membres du comit\u00e9 de vote sont positifs que l&rsquo;artiste peut rejoindre l&rsquo;<em>Artavista si<\/em>l&rsquo;<em>Artavista<\/em> dispose d&rsquo;un espace libre. Dans le cas contraire, l&rsquo;inscription sur la liste d&rsquo;attente aura lieu si elle ne compte pas encore vingt-cinq artistes votants.    <\/li><li>L&rsquo;\u00e9valuation de l&rsquo;\u0153uvre se fera dans un premier temps sur la base de photos num\u00e9riques de l&rsquo;\u0153uvre via le site web d&rsquo;artsaa. Si cela est jug\u00e9 souhaitable, des images suppl\u00e9mentaires peuvent \u00eatre demand\u00e9es ou les \u0153uvres elles-m\u00eames \u00e9valu\u00e9es. Les \u0153uvres sont strictement \u00e9valu\u00e9es sur la base de divers crit\u00e8res fixes, tels que l&rsquo;impression g\u00e9n\u00e9rale, la technique, le raffinement, l&rsquo;expressivit\u00e9, l&rsquo;\u00e9quilibre de la lumi\u00e8re et l&rsquo;individualit\u00e9.  <\/li><li>En cas de r\u00e9sultat n\u00e9gatif, une nouvelle demande de vote ne peut \u00eatre introduite qu&rsquo;apr\u00e8s un d\u00e9lai minimum de 12 mois, avec des photographies d&rsquo;\u0153uvres r\u00e9alis\u00e9es au cours des 12 derniers mois.<\/li><li>L&rsquo;examen des travaux par les membres du comit\u00e9 de vote est payant. Ces frais sont indiqu\u00e9s sur le formulaire de candidature. <\/li><li>Le r\u00e9sultat du vote ne sera pas communiqu\u00e9.<\/li><\/ol><\/li><li>Publicit\u00e9 et communication<ol><li>L&rsquo;artiste qui demande \u00e0 participer au vote donne l&rsquo;autorisation de publier les donn\u00e9es soumises avec sa demande.<\/li><li>Les Art Colleagues ont notamment pour objectif de faire conna\u00eetre le travail d&rsquo;<em>Artavista<\/em> aux amateurs d&rsquo;art et aux acheteurs d&rsquo;art en Belgique et \u00e0 l&rsquo;\u00e9tranger.<\/li><li>Pour la publicit\u00e9, notamment sur le site d&rsquo;<em>Artavista<\/em> et dans les newsletters, les artistes qui se sont inscrits ou qui ont \u00e9t\u00e9 inscrits pour faire partie d&rsquo;<em>Artavista<\/em> et les artistes qui font partie d&rsquo;<em>Artavista<\/em> ne doivent pas d&rsquo;honoraires \u00e0 The Art Colleagues, et The Art Colleagues ne doit pas d&rsquo;honoraires aux artistes qui se sont inscrits ou qui ont \u00e9t\u00e9 inscrits pour faire partie d&rsquo;<em>Artavista<\/em> et aux artistes qui font partie d&rsquo;<em>Artavista<\/em>.<\/li><li>La publicit\u00e9 et la promotion dans les foires d&rsquo;art et dans les livres d&rsquo;art sont \u00e9galement gratuites dans un premier temps et sous certaines conditions. Toutefois, ces formes de publicit\u00e9 et de promotion peuvent entra\u00eener des frais. Dans ce cas, les frais seront indiqu\u00e9s \u00e0 l&rsquo;avance et par \u00e9crit.  <\/li><li>La participation \u00e0 des foires d&rsquo;art et \u00e0 des livres d&rsquo;art est soumise \u00e0 des protocoles qui sont pr\u00e9sent\u00e9s aux artistes qui font partie d&rsquo;<em>Artavista<\/em> avant qu&rsquo;ils n&rsquo;utilisent ces formes de publicit\u00e9 et de promotion.<\/li><li>Si un artiste n&rsquo;appr\u00e9cie plus la publicit\u00e9, il peut le faire savoir par courrier \u00e9lectronique<a href=\"mailto:info@meestersvanhetrealisme.nl\">(info@meestersvanhetrealisme.nl)<\/a>. La publicit\u00e9 cessera alors apr\u00e8s la fin de la diffusion, des contrats et des autres obligations. <\/li><li>La communication entre les artistes qui font partie d&rsquo;<em>Artavista<\/em> et De Kunst Collegae se fait en n\u00e9erlandais et presque enti\u00e8rement par courrier \u00e9lectronique. C&rsquo;est pourquoi il est n\u00e9cessaire qu&rsquo;en cas de changement d&rsquo;adresse \u00e9lectronique, De Kunst Collegae en soit inform\u00e9. <\/li><li>En cas de non-r\u00e9ception d&rsquo;un e-mail, The Art Colleagues ne peut \u00eatre tenu pour responsable.<\/li><\/ol><\/li><li>Vie priv\u00e9e<ol><li>La d\u00e9claration de confidentialit\u00e9 applicable est pr\u00e9sent\u00e9e \u00e0 l&rsquo;adresse suivante <a href=\"https:\/\/dekunstcollegas.nl\/privacy\">: https:\/\/dekunstcollegas.nl\/privacy<\/a>.<\/li><li>La personne responsable de l&rsquo;enregistrement des donn\u00e9es n\u00e9cessaires \u00e0 la communication peut \u00eatre contact\u00e9e par courrier \u00e9lectronique : <a href=\"mailto:info@meestersvanhetrealisme.nl\">info@meestersvanhetrealisme.nl<\/a>.<\/li><\/ol><\/li><li>Plaintes<ol><li>Si vous n&rsquo;\u00eates pas satisfait du service d&rsquo;<em>Artavista<\/em>, vous pouvez d\u00e9poser une plainte.<\/li><li>Les plaintes doivent \u00eatre adress\u00e9es par \u00e9crit \u00e0 <em>Artavista<\/em><a href=\"mailto:info@meestersvanhetrealisme.nl\">(info@meestersvanhetrealisme.nl)<\/a> dans un d\u00e9lai de deux semaines \u00e0 compter de la date de la plainte.<\/li><li>Art Colleagues s&rsquo;efforce de r\u00e9soudre les plaintes dans un d\u00e9lai de 10 jours.<\/li><\/ol><\/li><li>Autre<ol><li>Les coll\u00e8gues des arts peuvent modifier le pr\u00e9sent protocole s&rsquo;ils le jugent n\u00e9cessaire.<\/li><li>Le pr\u00e9sent protocole prend effet \u00e0 compter du 1er juin 2023.<\/li><li>Si une ou plusieurs dispositions du pr\u00e9sent protocole devaient, \u00e0 un moment quelconque, \u00eatre nulles ou d\u00e9truites en tout ou en partie, les autres dispositions du protocole resteraient pleinement en vigueur.<\/li><li>Le pr\u00e9sent protocole ne constitue pas un relev\u00e9 exhaustif de tous les aspects qui peuvent intervenir dans les relations entre <em>Artavista<\/em> et les tiers. Dans les cas non pr\u00e9vus par le pr\u00e9sent protocole, l&rsquo;avis de The Art Colleagues est d\u00e9terminant. <\/li><li>Le pr\u00e9sent protocole est r\u00e9gi par le droit n\u00e9erlandais.<\/li><li>Tous les litiges qui ne peuvent \u00eatre r\u00e9gl\u00e9s \u00e0 l&rsquo;amiable sont exclusivement soumis au jugement de la juridiction comp\u00e9tente dans l&rsquo;arrondissement du tribunal de grande instance de Zeeland-West Brabant, lieu d&rsquo;audience Breda.<\/li><\/ol><\/li><\/ol>\t\t\t\t\t\t\t\t<\/div>\n\t\t\t\t\t<\/div>\n\t\t\t\t<\/div>\n\t\t\t\t<\/div>\n\t\t","protected":false},"excerpt":{"rendered":"<p>G\u00e9n\u00e9ral Artavista et Masters of Realism sont des initiatives men\u00e9es par De Kunst Collegas B.V., dont le si\u00e8ge social est situ\u00e9 \u00e0 Roermond et l&rsquo;\u00e9tablissement principal \u00e0 Oosterhout, Energieweg 49, 4906 CG. L&rsquo;objectif de ces deux initiatives est (1) de parvenir \u00e0 la composition d&rsquo;un groupe de 200 Artavista au maximum, compos\u00e9 d&rsquo;artistes n\u00e9erlandais vivants [&hellip;]<\/p>\n","protected":false},"author":2,"featured_media":0,"parent":0,"menu_order":0,"comment_status":"closed","ping_status":"closed","template":"full-width.php","meta":{"_acf_changed":false,"_bbp_topic_count":0,"_bbp_reply_count":0,"_bbp_total_topic_count":0,"_bbp_total_reply_count":0,"_bbp_voice_count":0,"_bbp_anonymous_reply_count":0,"_bbp_topic_count_hidden":0,"_bbp_reply_count_hidden":0,"_bbp_forum_subforum_count":0,"footnotes":""},"class_list":["post-11098","page","type-page","status-publish","hentry"],"acf":[],"yoast_head":"<!-- This site is optimized with the Yoast SEO plugin v27.2 - https:\/\/yoast.com\/product\/yoast-seo-wordpress\/ -->\n<title>Protocole - Artavista<\/title>\n<meta name=\"robots\" content=\"index, follow, max-snippet:-1, max-image-preview:large, max-video-preview:-1\" \/>\n<link rel=\"canonical\" href=\"https:\/\/artavista.be\/fr\/protocole\/\" \/>\n<meta property=\"og:locale\" content=\"fr_FR\" \/>\n<meta property=\"og:type\" content=\"article\" \/>\n<meta property=\"og:title\" content=\"Protocole - Artavista\" \/>\n<meta property=\"og:description\" content=\"G\u00e9n\u00e9ral Artavista et Masters of Realism sont des initiatives men\u00e9es par De Kunst Collegas B.V., dont le si\u00e8ge social est situ\u00e9 \u00e0 Roermond et l&rsquo;\u00e9tablissement principal \u00e0 Oosterhout, Energieweg 49, 4906 CG. L&rsquo;objectif de ces deux initiatives est (1) de parvenir \u00e0 la composition d&rsquo;un groupe de 200 Artavista au maximum, compos\u00e9 d&rsquo;artistes n\u00e9erlandais vivants [&hellip;]\" \/>\n<meta property=\"og:url\" content=\"https:\/\/artavista.be\/fr\/protocole\/\" \/>\n<meta property=\"og:site_name\" content=\"Artavista\" \/>\n<meta property=\"article:modified_time\" content=\"2025-02-27T12:51:46+00:00\" \/>\n<meta property=\"og:image\" content=\"https:\/\/artavista.be\/wp-content\/uploads\/2023\/11\/cropped-Logo-meesters-van-het-realisme-1-e1701774067476.png\" \/>\n\t<meta property=\"og:image:width\" content=\"506\" \/>\n\t<meta property=\"og:image:height\" content=\"318\" \/>\n\t<meta property=\"og:image:type\" content=\"image\/png\" \/>\n<meta name=\"twitter:card\" content=\"summary_large_image\" \/>\n<meta name=\"twitter:label1\" content=\"Dur\u00e9e de lecture estim\u00e9e\" \/>\n\t<meta name=\"twitter:data1\" content=\"7 minutes\" \/>\n<script type=\"application\/ld+json\" class=\"yoast-schema-graph\">{\"@context\":\"https:\/\/schema.org\",\"@graph\":[{\"@type\":\"WebPage\",\"@id\":\"https:\/\/artavista.be\/fr\/protocole\/\",\"url\":\"https:\/\/artavista.be\/fr\/protocole\/\",\"name\":\"Protocole - Artavista\",\"isPartOf\":{\"@id\":\"https:\/\/artavista.be\/#website\"},\"datePublished\":\"2023-07-27T06:12:56+00:00\",\"dateModified\":\"2025-02-27T12:51:46+00:00\",\"breadcrumb\":{\"@id\":\"https:\/\/artavista.be\/fr\/protocole\/#breadcrumb\"},\"inLanguage\":\"fr-FR\",\"potentialAction\":[{\"@type\":\"ReadAction\",\"target\":[\"https:\/\/artavista.be\/fr\/protocole\/\"]}]},{\"@type\":\"BreadcrumbList\",\"@id\":\"https:\/\/artavista.be\/fr\/protocole\/#breadcrumb\",\"itemListElement\":[{\"@type\":\"ListItem\",\"position\":1,\"name\":\"Home\",\"item\":\"https:\/\/artavista.be\/\"},{\"@type\":\"ListItem\",\"position\":2,\"name\":\"Protocole\"}]},{\"@type\":\"WebSite\",\"@id\":\"https:\/\/artavista.be\/#website\",\"url\":\"https:\/\/artavista.be\/\",\"name\":\"Artavista\",\"description\":\"\",\"publisher\":{\"@id\":\"https:\/\/artavista.be\/#organization\"},\"potentialAction\":[{\"@type\":\"SearchAction\",\"target\":{\"@type\":\"EntryPoint\",\"urlTemplate\":\"https:\/\/artavista.be\/?s={search_term_string}\"},\"query-input\":{\"@type\":\"PropertyValueSpecification\",\"valueRequired\":true,\"valueName\":\"search_term_string\"}}],\"inLanguage\":\"fr-FR\"},{\"@type\":\"Organization\",\"@id\":\"https:\/\/artavista.be\/#organization\",\"name\":\"Artavista\",\"url\":\"https:\/\/artavista.be\/\",\"logo\":{\"@type\":\"ImageObject\",\"inLanguage\":\"fr-FR\",\"@id\":\"https:\/\/artavista.be\/#\/schema\/logo\/image\/\",\"url\":\"https:\/\/artavista.be\/wp-content\/uploads\/2023\/11\/cropped-Logo-meesters-van-het-realisme-1-e1701774067476.png\",\"contentUrl\":\"https:\/\/artavista.be\/wp-content\/uploads\/2023\/11\/cropped-Logo-meesters-van-het-realisme-1-e1701774067476.png\",\"width\":506,\"height\":318,\"caption\":\"Artavista\"},\"image\":{\"@id\":\"https:\/\/artavista.be\/#\/schema\/logo\/image\/\"}}]}<\/script>\n<!-- \/ Yoast SEO plugin. -->","yoast_head_json":{"title":"Protocole - Artavista","robots":{"index":"index","follow":"follow","max-snippet":"max-snippet:-1","max-image-preview":"max-image-preview:large","max-video-preview":"max-video-preview:-1"},"canonical":"https:\/\/artavista.be\/fr\/protocole\/","og_locale":"fr_FR","og_type":"article","og_title":"Protocole - Artavista","og_description":"G\u00e9n\u00e9ral Artavista et Masters of Realism sont des initiatives men\u00e9es par De Kunst Collegas B.V., dont le si\u00e8ge social est situ\u00e9 \u00e0 Roermond et l&rsquo;\u00e9tablissement principal \u00e0 Oosterhout, Energieweg 49, 4906 CG. L&rsquo;objectif de ces deux initiatives est (1) de parvenir \u00e0 la composition d&rsquo;un groupe de 200 Artavista au maximum, compos\u00e9 d&rsquo;artistes n\u00e9erlandais vivants [&hellip;]","og_url":"https:\/\/artavista.be\/fr\/protocole\/","og_site_name":"Artavista","article_modified_time":"2025-02-27T12:51:46+00:00","og_image":[{"width":506,"height":318,"url":"https:\/\/artavista.be\/wp-content\/uploads\/2023\/11\/cropped-Logo-meesters-van-het-realisme-1-e1701774067476.png","type":"image\/png"}],"twitter_card":"summary_large_image","twitter_misc":{"Dur\u00e9e de lecture estim\u00e9e":"7 minutes"},"schema":{"@context":"https:\/\/schema.org","@graph":[{"@type":"WebPage","@id":"https:\/\/artavista.be\/fr\/protocole\/","url":"https:\/\/artavista.be\/fr\/protocole\/","name":"Protocole - Artavista","isPartOf":{"@id":"https:\/\/artavista.be\/#website"},"datePublished":"2023-07-27T06:12:56+00:00","dateModified":"2025-02-27T12:51:46+00:00","breadcrumb":{"@id":"https:\/\/artavista.be\/fr\/protocole\/#breadcrumb"},"inLanguage":"fr-FR","potentialAction":[{"@type":"ReadAction","target":["https:\/\/artavista.be\/fr\/protocole\/"]}]},{"@type":"BreadcrumbList","@id":"https:\/\/artavista.be\/fr\/protocole\/#breadcrumb","itemListElement":[{"@type":"ListItem","position":1,"name":"Home","item":"https:\/\/artavista.be\/"},{"@type":"ListItem","position":2,"name":"Protocole"}]},{"@type":"WebSite","@id":"https:\/\/artavista.be\/#website","url":"https:\/\/artavista.be\/","name":"Artavista","description":"","publisher":{"@id":"https:\/\/artavista.be\/#organization"},"potentialAction":[{"@type":"SearchAction","target":{"@type":"EntryPoint","urlTemplate":"https:\/\/artavista.be\/?s={search_term_string}"},"query-input":{"@type":"PropertyValueSpecification","valueRequired":true,"valueName":"search_term_string"}}],"inLanguage":"fr-FR"},{"@type":"Organization","@id":"https:\/\/artavista.be\/#organization","name":"Artavista","url":"https:\/\/artavista.be\/","logo":{"@type":"ImageObject","inLanguage":"fr-FR","@id":"https:\/\/artavista.be\/#\/schema\/logo\/image\/","url":"https:\/\/artavista.be\/wp-content\/uploads\/2023\/11\/cropped-Logo-meesters-van-het-realisme-1-e1701774067476.png","contentUrl":"https:\/\/artavista.be\/wp-content\/uploads\/2023\/11\/cropped-Logo-meesters-van-het-realisme-1-e1701774067476.png","width":506,"height":318,"caption":"Artavista"},"image":{"@id":"https:\/\/artavista.be\/#\/schema\/logo\/image\/"}}]}},"_links":{"self":[{"href":"https:\/\/artavista.be\/fr\/wp-json\/wp\/v2\/pages\/11098","targetHints":{"allow":["GET"]}}],"collection":[{"href":"https:\/\/artavista.be\/fr\/wp-json\/wp\/v2\/pages"}],"about":[{"href":"https:\/\/artavista.be\/fr\/wp-json\/wp\/v2\/types\/page"}],"author":[{"embeddable":true,"href":"https:\/\/artavista.be\/fr\/wp-json\/wp\/v2\/users\/2"}],"replies":[{"embeddable":true,"href":"https:\/\/artavista.be\/fr\/wp-json\/wp\/v2\/comments?post=11098"}],"version-history":[{"count":3,"href":"https:\/\/artavista.be\/fr\/wp-json\/wp\/v2\/pages\/11098\/revisions"}],"predecessor-version":[{"id":11110,"href":"https:\/\/artavista.be\/fr\/wp-json\/wp\/v2\/pages\/11098\/revisions\/11110"}],"wp:attachment":[{"href":"https:\/\/artavista.be\/fr\/wp-json\/wp\/v2\/media?parent=11098"}],"curies":[{"name":"wp","href":"https:\/\/api.w.org\/{rel}","templated":true}]}}