{"id":11094,"date":"2023-11-20T16:17:17","date_gmt":"2023-11-20T15:17:17","guid":{"rendered":"https:\/\/artavista.be\/partenaires\/"},"modified":"2026-01-22T10:25:19","modified_gmt":"2026-01-22T09:25:19","slug":"partenaires","status":"publish","type":"page","link":"https:\/\/artavista.be\/fr\/partenaires\/","title":{"rendered":"Partenaires"},"content":{"rendered":"\t\t<div data-elementor-type=\"wp-page\" data-elementor-id=\"11094\" class=\"elementor elementor-11094 elementor-1230\" data-elementor-post-type=\"page\">\n\t\t\t\t\t\t<section class=\"elementor-section elementor-top-section elementor-element elementor-element-c52ae8a elementor-section-boxed elementor-section-height-default elementor-section-height-default\" data-id=\"c52ae8a\" data-element_type=\"section\" data-e-type=\"section\" data-settings=\"{&quot;jet_parallax_layout_list&quot;:[{&quot;jet_parallax_layout_image&quot;:{&quot;url&quot;:&quot;&quot;,&quot;id&quot;:&quot;&quot;,&quot;size&quot;:&quot;&quot;},&quot;_id&quot;:&quot;5b6044a&quot;,&quot;jet_parallax_layout_image_tablet&quot;:{&quot;url&quot;:&quot;&quot;,&quot;id&quot;:&quot;&quot;,&quot;size&quot;:&quot;&quot;},&quot;jet_parallax_layout_image_mobile&quot;:{&quot;url&quot;:&quot;&quot;,&quot;id&quot;:&quot;&quot;,&quot;size&quot;:&quot;&quot;},&quot;jet_parallax_layout_speed&quot;:{&quot;unit&quot;:&quot;%&quot;,&quot;size&quot;:50,&quot;sizes&quot;:[]},&quot;jet_parallax_layout_type&quot;:&quot;scroll&quot;,&quot;jet_parallax_layout_direction&quot;:&quot;1&quot;,&quot;jet_parallax_layout_fx_direction&quot;:null,&quot;jet_parallax_layout_z_index&quot;:&quot;&quot;,&quot;jet_parallax_layout_bg_x&quot;:50,&quot;jet_parallax_layout_bg_x_tablet&quot;:&quot;&quot;,&quot;jet_parallax_layout_bg_x_mobile&quot;:&quot;&quot;,&quot;jet_parallax_layout_bg_y&quot;:50,&quot;jet_parallax_layout_bg_y_tablet&quot;:&quot;&quot;,&quot;jet_parallax_layout_bg_y_mobile&quot;:&quot;&quot;,&quot;jet_parallax_layout_bg_size&quot;:&quot;auto&quot;,&quot;jet_parallax_layout_bg_size_tablet&quot;:&quot;&quot;,&quot;jet_parallax_layout_bg_size_mobile&quot;:&quot;&quot;,&quot;jet_parallax_layout_animation_prop&quot;:&quot;transform&quot;,&quot;jet_parallax_layout_on&quot;:[&quot;desktop&quot;,&quot;tablet&quot;]}],&quot;background_background&quot;:&quot;classic&quot;}\">\n\t\t\t\t\t\t<div class=\"elementor-container elementor-column-gap-no\">\n\t\t\t\t\t<div class=\"elementor-column elementor-col-100 elementor-top-column elementor-element elementor-element-e2f4778\" data-id=\"e2f4778\" data-element_type=\"column\" data-e-type=\"column\">\n\t\t\t<div class=\"elementor-widget-wrap elementor-element-populated\">\n\t\t\t\t\t\t<div class=\"elementor-element elementor-element-c55bd7c elementor-widget elementor-widget-heading\" data-id=\"c55bd7c\" data-element_type=\"widget\" data-e-type=\"widget\" data-widget_type=\"heading.default\">\n\t\t\t\t\t<h1 class=\"elementor-heading-title elementor-size-default\">Partenaires<\/h1>\t\t\t\t<\/div>\n\t\t\t\t\t<\/div>\n\t\t<\/div>\n\t\t\t\t\t<\/div>\n\t\t<\/section>\n\t\t<div class=\"elementor-element elementor-element-3862372 e-flex e-con-boxed e-con e-parent\" data-id=\"3862372\" data-element_type=\"container\" data-e-type=\"container\" data-settings=\"{&quot;jet_parallax_layout_list&quot;:[]}\">\n\t\t\t\t\t<div class=\"e-con-inner\">\n\t\t\t\t<div class=\"elementor-element elementor-element-4f88ca8 elementor-widget elementor-widget-text-editor\" data-id=\"4f88ca8\" data-element_type=\"widget\" data-e-type=\"widget\" data-widget_type=\"text-editor.default\">\n\t\t\t\t\t\t\t\t\t<h4>Pour <em>Artavista<\/em>, la barre est haute. Il en va de m\u00eame pour les partenaires de l&rsquo;<em>Artavista<\/em>. L&rsquo;<em>Artavista<\/em> travaille avec plusieurs partenaires de qualit\u00e9 sup\u00e9rieure qui r\u00e9pondent tous aux m\u00eames normes de qualit\u00e9 dans leur industrie ou leur secteur.  <\/h4>\t\t\t\t\t\t\t\t<\/div>\n\t\t<div class=\"elementor-element elementor-element-0128ef2 e-flex e-con-boxed e-con e-child\" data-id=\"0128ef2\" data-element_type=\"container\" data-e-type=\"container\" data-settings=\"{&quot;jet_parallax_layout_list&quot;:[]}\">\n\t\t\t\t\t<div class=\"e-con-inner\">\n\t\t<div class=\"elementor-element elementor-element-38884c6 e-con-full e-flex e-con e-child\" data-id=\"38884c6\" data-element_type=\"container\" data-e-type=\"container\" data-settings=\"{&quot;jet_parallax_layout_list&quot;:[]}\">\n\t\t\t\t<div class=\"elementor-element elementor-element-59e47f3 elementor-widget elementor-widget-image\" data-id=\"59e47f3\" data-element_type=\"widget\" data-e-type=\"widget\" data-widget_type=\"image.default\">\n\t\t\t\t\t\t\t\t\t\t\t\t\t\t\t<img fetchpriority=\"high\" decoding=\"async\" width=\"300\" height=\"300\" src=\"https:\/\/artavista.be\/wp-content\/uploads\/2025\/02\/logo-rond-vr-social-kopieren-300x300.jpg\" class=\"attachment-medium size-medium wp-image-11063\" alt=\"\" srcset=\"https:\/\/artavista.be\/wp-content\/uploads\/2025\/02\/logo-rond-vr-social-kopieren-300x300.jpg 300w, https:\/\/artavista.be\/wp-content\/uploads\/2025\/02\/logo-rond-vr-social-kopieren-1024x1024.jpg 1024w, https:\/\/artavista.be\/wp-content\/uploads\/2025\/02\/logo-rond-vr-social-kopieren-150x150.jpg 150w, https:\/\/artavista.be\/wp-content\/uploads\/2025\/02\/logo-rond-vr-social-kopieren-768x768.jpg 768w, https:\/\/artavista.be\/wp-content\/uploads\/2025\/02\/logo-rond-vr-social-kopieren-1536x1536.jpg 1536w, https:\/\/artavista.be\/wp-content\/uploads\/2025\/02\/logo-rond-vr-social-kopieren-2048x2048.jpg 2048w, https:\/\/artavista.be\/wp-content\/uploads\/2025\/02\/logo-rond-vr-social-kopieren-500x500.jpg 500w\" sizes=\"(max-width: 300px) 100vw, 300px\" \/>\t\t\t\t\t\t\t\t\t\t\t\t\t\t\t<\/div>\n\t\t\t\t<\/div>\n\t\t<div class=\"elementor-element elementor-element-97b7e91 e-con-full e-flex e-con e-child\" data-id=\"97b7e91\" data-element_type=\"container\" data-e-type=\"container\" data-settings=\"{&quot;jet_parallax_layout_list&quot;:[]}\">\n\t\t\t\t<div class=\"elementor-element elementor-element-3eab7ac elementor-widget elementor-widget-text-editor\" data-id=\"3eab7ac\" data-element_type=\"widget\" data-e-type=\"widget\" data-widget_type=\"text-editor.default\">\n\t\t\t\t\t\t\t\t\t<p><strong>Foire internationale d&rsquo;art belge<\/strong><\/p>\n<p style=\"font-weight: 400;\"><em>La rencontre entre l&rsquo;artiste et le visiteur<\/em><\/p>\n<p>La <em>Belgian International Art Fair<\/em>, ou BiAF, aura lieu les samedi 10 et dimanche 11 octobre 2026 au Waagnatie Expo &amp; Events \u00e0 Anvers. L&rsquo;aspect unique de cette foire est que vous aurez l&rsquo;occasion de rencontrer les artistes eux-m\u00eames. Ce sont eux qui donnent de la couleur \u00e0 la plateforme et qui sont heureux d&rsquo;exposer et de vendre leurs \u0153uvres d&rsquo;art.<br>Ils peuvent ainsi vous parler de leur passion et de leurs id\u00e9es.  <\/p>\n<p><a href=\"https:\/\/biaf.be\">www.biaf.be&nbsp;<\/a><\/p>\t\t\t\t\t\t\t\t<\/div>\n\t\t\t\t<\/div>\n\t\t\t\t\t<\/div>\n\t\t\t\t<\/div>\n\t\t\t\t\t<\/div>\n\t\t\t\t<\/div>\n\t\t<div class=\"elementor-element elementor-element-ae1eeeb e-flex e-con-boxed e-con e-parent\" data-id=\"ae1eeeb\" data-element_type=\"container\" data-e-type=\"container\" data-settings=\"{&quot;jet_parallax_layout_list&quot;:[]}\">\n\t\t\t\t\t<div class=\"e-con-inner\">\n\t\t<div class=\"elementor-element elementor-element-f4f7dc4 e-flex e-con-boxed e-con e-child\" data-id=\"f4f7dc4\" data-element_type=\"container\" data-e-type=\"container\" data-settings=\"{&quot;jet_parallax_layout_list&quot;:[]}\">\n\t\t\t\t\t<div class=\"e-con-inner\">\n\t\t<div class=\"elementor-element elementor-element-f03ef66 e-con-full e-flex e-con e-child\" data-id=\"f03ef66\" data-element_type=\"container\" data-e-type=\"container\" data-settings=\"{&quot;jet_parallax_layout_list&quot;:[]}\">\n\t\t\t\t<div class=\"elementor-element elementor-element-227c75f elementor-widget elementor-widget-text-editor\" data-id=\"227c75f\" data-element_type=\"widget\" data-e-type=\"widget\" data-widget_type=\"text-editor.default\">\n\t\t\t\t\t\t\t\t\t<p style=\"text-align: right;\"><strong>Foire europ\u00e9enne de l&rsquo;art<\/strong><\/p><p style=\"text-align: right;\">Cette septi\u00e8me \u00e9dition de la foire EuropArtFair \u00e0 Maastricht est unique : les visiteurs ont un aper\u00e7u des artistes professionnels contemporains soigneusement s\u00e9lectionn\u00e9s dans toute l&rsquo;Europe et m\u00eame au-del\u00e0 en un court laps de temps. D\u00e9couvrez l&rsquo;art et rencontrez les cr\u00e9ateurs !   <br>Avec cette foire, les artistes participants ont une occasion suppl\u00e9mentaire de montrer leur travail directement au public. Notre r\u00f4le est secondaire : nous croyons \u00e0 l&rsquo;importance pour l&rsquo;artiste de l&rsquo;interaction entre l&rsquo;\u0153uvre et le public et nous lui offrons une plateforme suppl\u00e9mentaire importante avec cette foire. <\/p><p style=\"text-align: right;\"><a href=\"https:\/\/europartfair.nl\">www.europeartfair.nl  <\/a><\/p>\t\t\t\t\t\t\t\t<\/div>\n\t\t\t\t<\/div>\n\t\t<div class=\"elementor-element elementor-element-6465b95 e-con-full e-flex e-con e-child\" data-id=\"6465b95\" data-element_type=\"container\" data-e-type=\"container\" data-settings=\"{&quot;jet_parallax_layout_list&quot;:[]}\">\n\t\t\t\t<div class=\"elementor-element elementor-element-d78b9ac elementor-widget__width-initial elementor-widget elementor-widget-image\" data-id=\"d78b9ac\" data-element_type=\"widget\" data-e-type=\"widget\" data-widget_type=\"image.default\">\n\t\t\t\t\t\t\t\t\t\t\t\t\t\t\t<img decoding=\"async\" width=\"300\" height=\"300\" src=\"https:\/\/artavista.be\/wp-content\/uploads\/2026\/01\/1000x1000-vierkant-CMYK-01-300x300.jpg\" class=\"attachment-medium size-medium wp-image-11618\" alt=\"\" srcset=\"https:\/\/artavista.be\/wp-content\/uploads\/2026\/01\/1000x1000-vierkant-CMYK-01-300x300.jpg 300w, https:\/\/artavista.be\/wp-content\/uploads\/2026\/01\/1000x1000-vierkant-CMYK-01-1024x1024.jpg 1024w, https:\/\/artavista.be\/wp-content\/uploads\/2026\/01\/1000x1000-vierkant-CMYK-01-150x150.jpg 150w, https:\/\/artavista.be\/wp-content\/uploads\/2026\/01\/1000x1000-vierkant-CMYK-01-768x768.jpg 768w, https:\/\/artavista.be\/wp-content\/uploads\/2026\/01\/1000x1000-vierkant-CMYK-01-1536x1536.jpg 1536w, https:\/\/artavista.be\/wp-content\/uploads\/2026\/01\/1000x1000-vierkant-CMYK-01-2048x2048.jpg 2048w, https:\/\/artavista.be\/wp-content\/uploads\/2026\/01\/1000x1000-vierkant-CMYK-01-500x500.jpg 500w\" sizes=\"(max-width: 300px) 100vw, 300px\" \/>\t\t\t\t\t\t\t\t\t\t\t\t\t\t\t<\/div>\n\t\t\t\t<\/div>\n\t\t\t\t\t<\/div>\n\t\t\t\t<\/div>\n\t\t\t\t\t<\/div>\n\t\t\t\t<\/div>\n\t\t<div class=\"elementor-element elementor-element-2615236 e-flex e-con-boxed e-con e-parent\" data-id=\"2615236\" data-element_type=\"container\" data-e-type=\"container\" data-settings=\"{&quot;jet_parallax_layout_list&quot;:[]}\">\n\t\t\t\t\t<div class=\"e-con-inner\">\n\t\t<div class=\"elementor-element elementor-element-7de7dfd e-flex e-con-boxed e-con e-child\" data-id=\"7de7dfd\" data-element_type=\"container\" data-e-type=\"container\" data-settings=\"{&quot;jet_parallax_layout_list&quot;:[]}\">\n\t\t\t\t\t<div class=\"e-con-inner\">\n\t\t<div class=\"elementor-element elementor-element-f46ddf4 e-con-full e-flex e-con e-child\" data-id=\"f46ddf4\" data-element_type=\"container\" data-e-type=\"container\" data-settings=\"{&quot;jet_parallax_layout_list&quot;:[]}\">\n\t\t\t\t<div class=\"elementor-element elementor-element-82bc6bf elementor-widget elementor-widget-image\" data-id=\"82bc6bf\" data-element_type=\"widget\" data-e-type=\"widget\" data-widget_type=\"image.default\">\n\t\t\t\t\t\t\t\t\t\t\t\t\t\t\t<img decoding=\"async\" width=\"300\" height=\"57\" src=\"https:\/\/artavista.be\/wp-content\/uploads\/2023\/12\/Logo-kunstenaar-logo-groen-300x57.png\" class=\"attachment-medium size-medium wp-image-8093\" alt=\"\" srcset=\"https:\/\/artavista.be\/wp-content\/uploads\/2023\/12\/Logo-kunstenaar-logo-groen-300x57.png 300w, https:\/\/artavista.be\/wp-content\/uploads\/2023\/12\/Logo-kunstenaar-logo-groen-1024x196.png 1024w, https:\/\/artavista.be\/wp-content\/uploads\/2023\/12\/Logo-kunstenaar-logo-groen-768x147.png 768w, https:\/\/artavista.be\/wp-content\/uploads\/2023\/12\/Logo-kunstenaar-logo-groen-1536x294.png 1536w, https:\/\/artavista.be\/wp-content\/uploads\/2023\/12\/Logo-kunstenaar-logo-groen-2048x392.png 2048w\" sizes=\"(max-width: 300px) 100vw, 300px\" \/>\t\t\t\t\t\t\t\t\t\t\t\t\t\t\t<\/div>\n\t\t\t\t<\/div>\n\t\t<div class=\"elementor-element elementor-element-87b2962 e-con-full e-flex e-con e-child\" data-id=\"87b2962\" data-element_type=\"container\" data-e-type=\"container\" data-settings=\"{&quot;jet_parallax_layout_list&quot;:[]}\">\n\t\t\t\t<div class=\"elementor-element elementor-element-4120c48 elementor-widget elementor-widget-text-editor\" data-id=\"4120c48\" data-element_type=\"widget\" data-e-type=\"widget\" data-widget_type=\"text-editor.default\">\n\t\t\t\t\t\t\t\t\t<p>Kunstenaar <strong>Magazine<br><\/strong><br> Kunstenaar Magazine est le seul magazine num\u00e9rique n\u00e9erlandophone destin\u00e9 aux artistes. Tous les quinze jours, Kunstenaar Magazine propose des articles et des vid\u00e9os instructifs, inspirants et informatifs sur les arts visuels. Le contenu est d&rsquo;actualit\u00e9 et original, sp\u00e9cialement pour les lecteurs de Kunstenaar Magazine. Artist Magazine est enti\u00e8rement gratuit pour les artistes et les lecteurs ont \u00e9galement acc\u00e8s \u00e0 ses archives en constante augmentation d&rsquo;articles et de vid\u00e9os instructifs et inspirants qui sont faciles \u00e0 rechercher.     <\/p><p><a href=\"http:\/\/www.kunstenaar.nl\" target=\"_blank\" rel=\"noopener\" data-type=\"link\" data-id=\"www.kunstenaar.nl\">www.kunstenaar.nl<\/a><\/p>\t\t\t\t\t\t\t\t<\/div>\n\t\t\t\t<\/div>\n\t\t\t\t\t<\/div>\n\t\t\t\t<\/div>\n\t\t\t\t\t<\/div>\n\t\t\t\t<\/div>\n\t\t\t\t<\/div>\n\t\t","protected":false},"excerpt":{"rendered":"<p>Pour Artavista, la barre est haute. Il en va de m\u00eame pour les partenaires de l&rsquo;Artavista. L&rsquo;Artavista travaille avec plusieurs partenaires de qualit\u00e9 sup\u00e9rieure qui r\u00e9pondent tous aux m\u00eames normes de qualit\u00e9 dans leur industrie ou leur secteur. Foire internationale d&rsquo;art belge La rencontre entre l&rsquo;artiste et le visiteur La Belgian International Art Fair, ou [&hellip;]<\/p>\n","protected":false},"author":2,"featured_media":0,"parent":0,"menu_order":0,"comment_status":"closed","ping_status":"closed","template":"full-width.php","meta":{"_acf_changed":false,"_bbp_topic_count":0,"_bbp_reply_count":0,"_bbp_total_topic_count":0,"_bbp_total_reply_count":0,"_bbp_voice_count":0,"_bbp_anonymous_reply_count":0,"_bbp_topic_count_hidden":0,"_bbp_reply_count_hidden":0,"_bbp_forum_subforum_count":0,"footnotes":""},"class_list":["post-11094","page","type-page","status-publish","hentry"],"acf":[],"yoast_head":"<!-- This site is optimized with the Yoast SEO plugin v27.2 - https:\/\/yoast.com\/product\/yoast-seo-wordpress\/ -->\n<title>Partenaires - Artavista<\/title>\n<meta name=\"robots\" content=\"index, follow, max-snippet:-1, max-image-preview:large, max-video-preview:-1\" \/>\n<link rel=\"canonical\" href=\"https:\/\/artavista.be\/partners\/\" \/>\n<meta property=\"og:locale\" content=\"fr_FR\" \/>\n<meta property=\"og:type\" content=\"article\" \/>\n<meta property=\"og:title\" content=\"Partenaires - Artavista\" \/>\n<meta property=\"og:description\" content=\"Pour Artavista, la barre est haute. Il en va de m\u00eame pour les partenaires de l&rsquo;Artavista. L&rsquo;Artavista travaille avec plusieurs partenaires de qualit\u00e9 sup\u00e9rieure qui r\u00e9pondent tous aux m\u00eames normes de qualit\u00e9 dans leur industrie ou leur secteur. Foire internationale d&rsquo;art belge La rencontre entre l&rsquo;artiste et le visiteur La Belgian International Art Fair, ou [&hellip;]\" \/>\n<meta property=\"og:url\" content=\"https:\/\/artavista.be\/partners\/\" \/>\n<meta property=\"og:site_name\" content=\"Artavista\" \/>\n<meta property=\"article:modified_time\" content=\"2026-01-22T09:25:19+00:00\" \/>\n<meta property=\"og:image\" content=\"https:\/\/artavista.be\/wp-content\/uploads\/2025\/02\/logo-rond-vr-social-kopieren.jpg\" \/>\n\t<meta property=\"og:image:width\" content=\"2480\" \/>\n\t<meta property=\"og:image:height\" content=\"2480\" \/>\n\t<meta property=\"og:image:type\" content=\"image\/jpeg\" \/>\n<meta name=\"twitter:card\" content=\"summary_large_image\" \/>\n<meta name=\"twitter:label1\" content=\"Dur\u00e9e de lecture estim\u00e9e\" \/>\n\t<meta name=\"twitter:data1\" content=\"2 minutes\" \/>\n<script type=\"application\/ld+json\" class=\"yoast-schema-graph\">{\"@context\":\"https:\/\/schema.org\",\"@graph\":[{\"@type\":\"WebPage\",\"@id\":\"https:\/\/artavista.be\/partners\/\",\"url\":\"https:\/\/artavista.be\/partners\/\",\"name\":\"Partenaires - Artavista\",\"isPartOf\":{\"@id\":\"https:\/\/artavista.be\/#website\"},\"primaryImageOfPage\":{\"@id\":\"https:\/\/artavista.be\/partners\/#primaryimage\"},\"image\":{\"@id\":\"https:\/\/artavista.be\/partners\/#primaryimage\"},\"thumbnailUrl\":\"https:\/\/artavista.be\/wp-content\/uploads\/2025\/02\/logo-rond-vr-social-kopieren-300x300.jpg\",\"datePublished\":\"2023-11-20T15:17:17+00:00\",\"dateModified\":\"2026-01-22T09:25:19+00:00\",\"breadcrumb\":{\"@id\":\"https:\/\/artavista.be\/partners\/#breadcrumb\"},\"inLanguage\":\"fr-FR\",\"potentialAction\":[{\"@type\":\"ReadAction\",\"target\":[\"https:\/\/artavista.be\/partners\/\"]}]},{\"@type\":\"ImageObject\",\"inLanguage\":\"fr-FR\",\"@id\":\"https:\/\/artavista.be\/partners\/#primaryimage\",\"url\":\"https:\/\/artavista.be\/wp-content\/uploads\/2025\/02\/logo-rond-vr-social-kopieren-300x300.jpg\",\"contentUrl\":\"https:\/\/artavista.be\/wp-content\/uploads\/2025\/02\/logo-rond-vr-social-kopieren-300x300.jpg\"},{\"@type\":\"BreadcrumbList\",\"@id\":\"https:\/\/artavista.be\/partners\/#breadcrumb\",\"itemListElement\":[{\"@type\":\"ListItem\",\"position\":1,\"name\":\"Home\",\"item\":\"https:\/\/artavista.be\/\"},{\"@type\":\"ListItem\",\"position\":2,\"name\":\"Partenaires\"}]},{\"@type\":\"WebSite\",\"@id\":\"https:\/\/artavista.be\/#website\",\"url\":\"https:\/\/artavista.be\/\",\"name\":\"Artavista\",\"description\":\"\",\"publisher\":{\"@id\":\"https:\/\/artavista.be\/#organization\"},\"potentialAction\":[{\"@type\":\"SearchAction\",\"target\":{\"@type\":\"EntryPoint\",\"urlTemplate\":\"https:\/\/artavista.be\/?s={search_term_string}\"},\"query-input\":{\"@type\":\"PropertyValueSpecification\",\"valueRequired\":true,\"valueName\":\"search_term_string\"}}],\"inLanguage\":\"fr-FR\"},{\"@type\":\"Organization\",\"@id\":\"https:\/\/artavista.be\/#organization\",\"name\":\"Artavista\",\"url\":\"https:\/\/artavista.be\/\",\"logo\":{\"@type\":\"ImageObject\",\"inLanguage\":\"fr-FR\",\"@id\":\"https:\/\/artavista.be\/#\/schema\/logo\/image\/\",\"url\":\"https:\/\/artavista.be\/wp-content\/uploads\/2023\/11\/cropped-Logo-meesters-van-het-realisme-1-e1701774067476.png\",\"contentUrl\":\"https:\/\/artavista.be\/wp-content\/uploads\/2023\/11\/cropped-Logo-meesters-van-het-realisme-1-e1701774067476.png\",\"width\":506,\"height\":318,\"caption\":\"Artavista\"},\"image\":{\"@id\":\"https:\/\/artavista.be\/#\/schema\/logo\/image\/\"}}]}<\/script>\n<!-- \/ Yoast SEO plugin. -->","yoast_head_json":{"title":"Partenaires - Artavista","robots":{"index":"index","follow":"follow","max-snippet":"max-snippet:-1","max-image-preview":"max-image-preview:large","max-video-preview":"max-video-preview:-1"},"canonical":"https:\/\/artavista.be\/partners\/","og_locale":"fr_FR","og_type":"article","og_title":"Partenaires - Artavista","og_description":"Pour Artavista, la barre est haute. Il en va de m\u00eame pour les partenaires de l&rsquo;Artavista. L&rsquo;Artavista travaille avec plusieurs partenaires de qualit\u00e9 sup\u00e9rieure qui r\u00e9pondent tous aux m\u00eames normes de qualit\u00e9 dans leur industrie ou leur secteur. Foire internationale d&rsquo;art belge La rencontre entre l&rsquo;artiste et le visiteur La Belgian International Art Fair, ou [&hellip;]","og_url":"https:\/\/artavista.be\/partners\/","og_site_name":"Artavista","article_modified_time":"2026-01-22T09:25:19+00:00","og_image":[{"width":2480,"height":2480,"url":"https:\/\/artavista.be\/wp-content\/uploads\/2025\/02\/logo-rond-vr-social-kopieren.jpg","type":"image\/jpeg"}],"twitter_card":"summary_large_image","twitter_misc":{"Dur\u00e9e de lecture estim\u00e9e":"2 minutes"},"schema":{"@context":"https:\/\/schema.org","@graph":[{"@type":"WebPage","@id":"https:\/\/artavista.be\/partners\/","url":"https:\/\/artavista.be\/partners\/","name":"Partenaires - Artavista","isPartOf":{"@id":"https:\/\/artavista.be\/#website"},"primaryImageOfPage":{"@id":"https:\/\/artavista.be\/partners\/#primaryimage"},"image":{"@id":"https:\/\/artavista.be\/partners\/#primaryimage"},"thumbnailUrl":"https:\/\/artavista.be\/wp-content\/uploads\/2025\/02\/logo-rond-vr-social-kopieren-300x300.jpg","datePublished":"2023-11-20T15:17:17+00:00","dateModified":"2026-01-22T09:25:19+00:00","breadcrumb":{"@id":"https:\/\/artavista.be\/partners\/#breadcrumb"},"inLanguage":"fr-FR","potentialAction":[{"@type":"ReadAction","target":["https:\/\/artavista.be\/partners\/"]}]},{"@type":"ImageObject","inLanguage":"fr-FR","@id":"https:\/\/artavista.be\/partners\/#primaryimage","url":"https:\/\/artavista.be\/wp-content\/uploads\/2025\/02\/logo-rond-vr-social-kopieren-300x300.jpg","contentUrl":"https:\/\/artavista.be\/wp-content\/uploads\/2025\/02\/logo-rond-vr-social-kopieren-300x300.jpg"},{"@type":"BreadcrumbList","@id":"https:\/\/artavista.be\/partners\/#breadcrumb","itemListElement":[{"@type":"ListItem","position":1,"name":"Home","item":"https:\/\/artavista.be\/"},{"@type":"ListItem","position":2,"name":"Partenaires"}]},{"@type":"WebSite","@id":"https:\/\/artavista.be\/#website","url":"https:\/\/artavista.be\/","name":"Artavista","description":"","publisher":{"@id":"https:\/\/artavista.be\/#organization"},"potentialAction":[{"@type":"SearchAction","target":{"@type":"EntryPoint","urlTemplate":"https:\/\/artavista.be\/?s={search_term_string}"},"query-input":{"@type":"PropertyValueSpecification","valueRequired":true,"valueName":"search_term_string"}}],"inLanguage":"fr-FR"},{"@type":"Organization","@id":"https:\/\/artavista.be\/#organization","name":"Artavista","url":"https:\/\/artavista.be\/","logo":{"@type":"ImageObject","inLanguage":"fr-FR","@id":"https:\/\/artavista.be\/#\/schema\/logo\/image\/","url":"https:\/\/artavista.be\/wp-content\/uploads\/2023\/11\/cropped-Logo-meesters-van-het-realisme-1-e1701774067476.png","contentUrl":"https:\/\/artavista.be\/wp-content\/uploads\/2023\/11\/cropped-Logo-meesters-van-het-realisme-1-e1701774067476.png","width":506,"height":318,"caption":"Artavista"},"image":{"@id":"https:\/\/artavista.be\/#\/schema\/logo\/image\/"}}]}},"_links":{"self":[{"href":"https:\/\/artavista.be\/fr\/wp-json\/wp\/v2\/pages\/11094","targetHints":{"allow":["GET"]}}],"collection":[{"href":"https:\/\/artavista.be\/fr\/wp-json\/wp\/v2\/pages"}],"about":[{"href":"https:\/\/artavista.be\/fr\/wp-json\/wp\/v2\/types\/page"}],"author":[{"embeddable":true,"href":"https:\/\/artavista.be\/fr\/wp-json\/wp\/v2\/users\/2"}],"replies":[{"embeddable":true,"href":"https:\/\/artavista.be\/fr\/wp-json\/wp\/v2\/comments?post=11094"}],"version-history":[{"count":5,"href":"https:\/\/artavista.be\/fr\/wp-json\/wp\/v2\/pages\/11094\/revisions"}],"predecessor-version":[{"id":11623,"href":"https:\/\/artavista.be\/fr\/wp-json\/wp\/v2\/pages\/11094\/revisions\/11623"}],"wp:attachment":[{"href":"https:\/\/artavista.be\/fr\/wp-json\/wp\/v2\/media?parent=11094"}],"curies":[{"name":"wp","href":"https:\/\/api.w.org\/{rel}","templated":true}]}}